{"id":7172,"date":"2023-06-21T16:13:12","date_gmt":"2023-06-21T16:13:12","guid":{"rendered":"https:\/\/centralconsulting.africa\/?post_type=product&#038;p=7172"},"modified":"2023-06-23T12:01:49","modified_gmt":"2023-06-23T12:01:49","slug":"navire-annexe-frsq-1000-a-frdc","status":"publish","type":"product","link":"https:\/\/centralconsulting.africa\/index.php\/product\/navire-annexe-frsq-1000-a-frdc\/","title":{"rendered":"NAVIRE ANNEXE FRSQ 1000 A FRDC"},"content":{"rendered":"<p>Filet de sauvetage<br \/>\nRadar Klaxon<br \/>\nGPS<br \/>\nPi\u00e8ces de rechange<br \/>\nClimatisation<\/p>\n","protected":false},"excerpt":{"rendered":"<p>Le navire annexe FRSQ 1000 A FRDC est conforme aux derni\u00e8res r\u00e9gle-mentations UKOOA \/ SOLAS.<\/p>\n<p>Diesel in-bord double avec propulsion par jet d\u2019eau,<br \/>\nPeut \u00eatre \u00e9quip\u00e9 et con\u00e7u comme bateau de travail, bateau de patrouille ou bateau de support de plong\u00e9e,<br \/>\nLe barreur et le navigateur ont acc\u00e8s \u00e0 un cockpit ergonomique,<br \/>\nTrois si\u00e8ges amortisseurs sont install\u00e9s,<br \/>\nDes si\u00e8ges couverts rembourr\u00e9s sont disponibles pour douze personnes.<\/p>\n","protected":false},"featured_media":7173,"comment_status":"open","ping_status":"closed","template":"","meta":[],"product_cat":[],"product_tag":[],"_links":{"self":[{"href":"https:\/\/centralconsulting.africa\/index.php\/wp-json\/wp\/v2\/product\/7172"}],"collection":[{"href":"https:\/\/centralconsulting.africa\/index.php\/wp-json\/wp\/v2\/product"}],"about":[{"href":"https:\/\/centralconsulting.africa\/index.php\/wp-json\/wp\/v2\/types\/product"}],"replies":[{"embeddable":true,"href":"https:\/\/centralconsulting.africa\/index.php\/wp-json\/wp\/v2\/comments?post=7172"}],"wp:featuredmedia":[{"embeddable":true,"href":"https:\/\/centralconsulting.africa\/index.php\/wp-json\/wp\/v2\/media\/7173"}],"wp:attachment":[{"href":"https:\/\/centralconsulting.africa\/index.php\/wp-json\/wp\/v2\/media?parent=7172"}],"wp:term":[{"taxonomy":"product_cat","embeddable":true,"href":"https:\/\/centralconsulting.africa\/index.php\/wp-json\/wp\/v2\/product_cat?post=7172"},{"taxonomy":"product_tag","embeddable":true,"href":"https:\/\/centralconsulting.africa\/index.php\/wp-json\/wp\/v2\/product_tag?post=7172"}],"curies":[{"name":"wp","href":"https:\/\/api.w.org\/{rel}","templated":true}]}}