{"id":7169,"date":"2023-06-21T16:10:55","date_gmt":"2023-06-21T16:10:55","guid":{"rendered":"https:\/\/centralconsulting.africa\/?post_type=product&#038;p=7169"},"modified":"2023-06-21T16:10:55","modified_gmt":"2023-06-21T16:10:55","slug":"bateau-annexe-frsq-1000-a-frdc","status":"publish","type":"product","link":"https:\/\/centralconsulting.africa\/index.php\/product\/bateau-annexe-frsq-1000-a-frdc\/","title":{"rendered":"BATEAU ANNEXE FRSQ 1000 A FRDC"},"content":{"rendered":"","protected":false},"excerpt":{"rendered":"<p>Le navire annexe FRSQ 1000 A FRDC est conforme aux derni\u00e8res r\u00e9gle-mentations UKOOA \/ SOLAS.<\/p>\n<p>Conforme aux r\u00e9glementations UKOOA \/ SOLAS,<br \/>\nLivr\u00e9 avec approbation de conception et certificat d\u2019inspection,<br \/>\nConstruction profonde en V adapt\u00e9e aux vitesses \u00e9lev\u00e9es et \u00e0 la stabilit\u00e9 \u00e9lev\u00e9e dans tout environnement offshore,<br \/>\nExcellente accessibilit\u00e9 des moteurs \u00e0 des fins de maintenance,<br \/>\nCoque et cabine en aluminium r\u00e9sistant \u00e0 l\u2019eau de mer<\/p>\n","protected":false},"featured_media":7171,"comment_status":"open","ping_status":"closed","template":"","meta":[],"product_cat":[],"product_tag":[],"_links":{"self":[{"href":"https:\/\/centralconsulting.africa\/index.php\/wp-json\/wp\/v2\/product\/7169"}],"collection":[{"href":"https:\/\/centralconsulting.africa\/index.php\/wp-json\/wp\/v2\/product"}],"about":[{"href":"https:\/\/centralconsulting.africa\/index.php\/wp-json\/wp\/v2\/types\/product"}],"replies":[{"embeddable":true,"href":"https:\/\/centralconsulting.africa\/index.php\/wp-json\/wp\/v2\/comments?post=7169"}],"wp:featuredmedia":[{"embeddable":true,"href":"https:\/\/centralconsulting.africa\/index.php\/wp-json\/wp\/v2\/media\/7171"}],"wp:attachment":[{"href":"https:\/\/centralconsulting.africa\/index.php\/wp-json\/wp\/v2\/media?parent=7169"}],"wp:term":[{"taxonomy":"product_cat","embeddable":true,"href":"https:\/\/centralconsulting.africa\/index.php\/wp-json\/wp\/v2\/product_cat?post=7169"},{"taxonomy":"product_tag","embeddable":true,"href":"https:\/\/centralconsulting.africa\/index.php\/wp-json\/wp\/v2\/product_tag?post=7169"}],"curies":[{"name":"wp","href":"https:\/\/api.w.org\/{rel}","templated":true}]}}