{"id":7167,"date":"2023-06-21T16:08:24","date_gmt":"2023-06-21T16:08:24","guid":{"rendered":"https:\/\/centralconsulting.africa\/?post_type=product&#038;p=7167"},"modified":"2023-06-21T16:08:24","modified_gmt":"2023-06-21T16:08:24","slug":"bateau-annexe-frsq-850-a-serie-frdc","status":"publish","type":"product","link":"https:\/\/centralconsulting.africa\/index.php\/product\/bateau-annexe-frsq-850-a-serie-frdc\/","title":{"rendered":"BATEAU ANNEXE FRSQ 850 A S\u00c9RIE FRDC"},"content":{"rendered":"","protected":false},"excerpt":{"rendered":"<p>Les navires annexes sont construits pour r\u00e9pondre \u00e0 la plupart des d\u00e9fis dans des conditions difficiles en mer.<\/p>\n<p>Conforme aux r\u00e9glementations UKOOA \/ SOLAS,<br \/>\nPeut \u00eatre \u00e9quip\u00e9 et con\u00e7u comme bateau de travail, bateau de patrouille ou \u00e0 des fins SAR,<br \/>\nCoque et cabine r\u00e9sistante eau de mer<br \/>\nEn propulsion diesel inboard simple ou double.<\/p>\n","protected":false},"featured_media":7168,"comment_status":"open","ping_status":"closed","template":"","meta":[],"product_cat":[],"product_tag":[],"_links":{"self":[{"href":"https:\/\/centralconsulting.africa\/index.php\/wp-json\/wp\/v2\/product\/7167"}],"collection":[{"href":"https:\/\/centralconsulting.africa\/index.php\/wp-json\/wp\/v2\/product"}],"about":[{"href":"https:\/\/centralconsulting.africa\/index.php\/wp-json\/wp\/v2\/types\/product"}],"replies":[{"embeddable":true,"href":"https:\/\/centralconsulting.africa\/index.php\/wp-json\/wp\/v2\/comments?post=7167"}],"wp:featuredmedia":[{"embeddable":true,"href":"https:\/\/centralconsulting.africa\/index.php\/wp-json\/wp\/v2\/media\/7168"}],"wp:attachment":[{"href":"https:\/\/centralconsulting.africa\/index.php\/wp-json\/wp\/v2\/media?parent=7167"}],"wp:term":[{"taxonomy":"product_cat","embeddable":true,"href":"https:\/\/centralconsulting.africa\/index.php\/wp-json\/wp\/v2\/product_cat?post=7167"},{"taxonomy":"product_tag","embeddable":true,"href":"https:\/\/centralconsulting.africa\/index.php\/wp-json\/wp\/v2\/product_tag?post=7167"}],"curies":[{"name":"wp","href":"https:\/\/api.w.org\/{rel}","templated":true}]}}