{"id":7163,"date":"2023-06-21T16:05:57","date_gmt":"2023-06-21T16:05:57","guid":{"rendered":"https:\/\/centralconsulting.africa\/?post_type=product&#038;p=7163"},"modified":"2023-06-21T16:05:57","modified_gmt":"2023-06-21T16:05:57","slug":"bateau-de-sauvetage-rapide-frsq-630","status":"publish","type":"product","link":"https:\/\/centralconsulting.africa\/index.php\/product\/bateau-de-sauvetage-rapide-frsq-630\/","title":{"rendered":"BATEAU DE SAUVETAGE RAPIDE FRSQ 630"},"content":{"rendered":"","protected":false},"excerpt":{"rendered":"<p>S\u00e9curis\u00e9, rapide et agile, le canot de secours rapide FRSQ 630 de nouvelle g\u00e9n\u00e9ration PALFINGER MARINE offre des conditions de travail optimales dans des conditions de mer difficiles, \u00e0 un prix comp\u00e9titif.<\/p>\n<p>Poste de pilotage con\u00e7u pour la s\u00e9curit\u00e9 et une excellente ergonomie ;<br \/>\nEmbarquement des escaliers \u00e0 l\u2019avant ;<br \/>\nSac auto-redressant et ailerons en mousse en option ;<br \/>\nEn conformit\u00e9 avec les derni\u00e8res r\u00e9glementations IMO \/ SOLAS et NMA Offshore, Code LSA.<\/p>\n","protected":false},"featured_media":7164,"comment_status":"open","ping_status":"closed","template":"","meta":[],"product_cat":[],"product_tag":[],"_links":{"self":[{"href":"https:\/\/centralconsulting.africa\/index.php\/wp-json\/wp\/v2\/product\/7163"}],"collection":[{"href":"https:\/\/centralconsulting.africa\/index.php\/wp-json\/wp\/v2\/product"}],"about":[{"href":"https:\/\/centralconsulting.africa\/index.php\/wp-json\/wp\/v2\/types\/product"}],"replies":[{"embeddable":true,"href":"https:\/\/centralconsulting.africa\/index.php\/wp-json\/wp\/v2\/comments?post=7163"}],"wp:featuredmedia":[{"embeddable":true,"href":"https:\/\/centralconsulting.africa\/index.php\/wp-json\/wp\/v2\/media\/7164"}],"wp:attachment":[{"href":"https:\/\/centralconsulting.africa\/index.php\/wp-json\/wp\/v2\/media?parent=7163"}],"wp:term":[{"taxonomy":"product_cat","embeddable":true,"href":"https:\/\/centralconsulting.africa\/index.php\/wp-json\/wp\/v2\/product_cat?post=7163"},{"taxonomy":"product_tag","embeddable":true,"href":"https:\/\/centralconsulting.africa\/index.php\/wp-json\/wp\/v2\/product_tag?post=7163"}],"curies":[{"name":"wp","href":"https:\/\/api.w.org\/{rel}","templated":true}]}}