{"id":7159,"date":"2023-06-21T15:49:33","date_gmt":"2023-06-21T15:49:33","guid":{"rendered":"https:\/\/centralconsulting.africa\/?post_type=product&#038;p=7159"},"modified":"2023-06-21T15:50:21","modified_gmt":"2023-06-21T15:50:21","slug":"bateau-de-sauvetage-rsq-450","status":"publish","type":"product","link":"https:\/\/centralconsulting.africa\/index.php\/product\/bateau-de-sauvetage-rsq-450\/","title":{"rendered":"BATEAU DE SAUVETAGE RSQ 450"},"content":{"rendered":"","protected":false},"excerpt":{"rendered":"<p>La s\u00e9rie RSQ : un canot de secours tr\u00e8s populaire et stable qui convient \u00e0 de nombreux besoins.<\/p>\n<p>Coque en aluminium r\u00e9sistant \u00e0 l\u2019eau de mer ou en plastique renforc\u00e9 de verre (GRP),<br \/>\nCon\u00e7u pour le service dans les environnements les plus exigeants,<br \/>\nMoteurs hors-bord 15\u201340 Hp,<br \/>\nConforme aux derni\u00e8res r\u00e9glementations IMO \/ SOLAS, au code LSA ainsi qu\u2019aux r\u00e9glementations USCG,<br \/>\nAlternative parfaite pour les MOB gonflables<\/p>\n","protected":false},"featured_media":7160,"comment_status":"open","ping_status":"closed","template":"","meta":[],"product_cat":[],"product_tag":[],"_links":{"self":[{"href":"https:\/\/centralconsulting.africa\/index.php\/wp-json\/wp\/v2\/product\/7159"}],"collection":[{"href":"https:\/\/centralconsulting.africa\/index.php\/wp-json\/wp\/v2\/product"}],"about":[{"href":"https:\/\/centralconsulting.africa\/index.php\/wp-json\/wp\/v2\/types\/product"}],"replies":[{"embeddable":true,"href":"https:\/\/centralconsulting.africa\/index.php\/wp-json\/wp\/v2\/comments?post=7159"}],"wp:featuredmedia":[{"embeddable":true,"href":"https:\/\/centralconsulting.africa\/index.php\/wp-json\/wp\/v2\/media\/7160"}],"wp:attachment":[{"href":"https:\/\/centralconsulting.africa\/index.php\/wp-json\/wp\/v2\/media?parent=7159"}],"wp:term":[{"taxonomy":"product_cat","embeddable":true,"href":"https:\/\/centralconsulting.africa\/index.php\/wp-json\/wp\/v2\/product_cat?post=7159"},{"taxonomy":"product_tag","embeddable":true,"href":"https:\/\/centralconsulting.africa\/index.php\/wp-json\/wp\/v2\/product_tag?post=7159"}],"curies":[{"name":"wp","href":"https:\/\/api.w.org\/{rel}","templated":true}]}}