{"id":7152,"date":"2023-06-21T14:52:28","date_gmt":"2023-06-21T14:52:28","guid":{"rendered":"https:\/\/centralconsulting.africa\/?post_type=product&#038;p=7152"},"modified":"2023-06-21T14:52:28","modified_gmt":"2023-06-21T14:52:28","slug":"etambots-flexibles-flexitube-et-sterntube-de-simplex-2","status":"publish","type":"product","link":"https:\/\/centralconsulting.africa\/index.php\/product\/etambots-flexibles-flexitube-et-sterntube-de-simplex-2\/","title":{"rendered":"ETAMBOTS FLEXIBLES FLEXITUBE ET STERNTUBE DE SIMPLEX"},"content":{"rendered":"<p>Une installation compl\u00e8te du tube d\u2019\u00e9tambot en moins de 8 heures,<br \/>\nUne installation sans contraintes gr\u00e2ce \u00e0 l\u2019avant avant flexible,<br \/>\nUne conception sur mesure,<br \/>\nUne solution cl\u00e9 en main pr\u00eate \u00e0 l\u2019installation,<br \/>\nUne installation simple et pr\u00e9cise,<br \/>\nUn refroidissement simple et efficace,<br \/>\nUne faible usure des roulements, de la coque et des joints d\u2019arbre,<br \/>\nUn faible besoin d\u2019entretien, facilement r\u00e9alisable depuis la salle des moteurs,<br \/>\nDes roulements faciles \u00e0 remplacer,<br \/>\nUne faible consommation d\u2019huile de tube d\u2019\u00e9tambot gr\u00e2ce \u00e0 la conception optimis\u00e9e,<br \/>\nUne compensation des d\u00e9viations m\u00e9caniques,<br \/>\nUne approbation de type d\u00e9livr\u00e9e par les soci\u00e9t\u00e9s de classification.<br \/>\nDes solutions sont disponibles aussi bien pour les navires sans support d\u2019arbre que les navires avec un ou deux supports d\u2019arbre.<\/p>\n","protected":false},"excerpt":{"rendered":"<p>Ces produits facilitent une installation rapide et exacte sous la supervision de notre personnel qualifi\u00e9 et permet une maintenance facile et plus \u00e9conomique lorsque le navire est en service. Pour la conception d\u2019une solution de tube d\u2019\u00e9tambot sur mesure, les seuls param\u00e8tres requis par CC Marine sont le type de coque, la longueur du tube d\u2019\u00e9tambot et le diam\u00e8tre de l\u2019arbre d\u2019h\u00e9lice. Les FlexiTube et SternTube de Simplex conviennent aux navires de tous types et tailles.<\/p>\n","protected":false},"featured_media":7151,"comment_status":"open","ping_status":"closed","template":"","meta":[],"product_cat":[],"product_tag":[],"_links":{"self":[{"href":"https:\/\/centralconsulting.africa\/index.php\/wp-json\/wp\/v2\/product\/7152"}],"collection":[{"href":"https:\/\/centralconsulting.africa\/index.php\/wp-json\/wp\/v2\/product"}],"about":[{"href":"https:\/\/centralconsulting.africa\/index.php\/wp-json\/wp\/v2\/types\/product"}],"replies":[{"embeddable":true,"href":"https:\/\/centralconsulting.africa\/index.php\/wp-json\/wp\/v2\/comments?post=7152"}],"wp:featuredmedia":[{"embeddable":true,"href":"https:\/\/centralconsulting.africa\/index.php\/wp-json\/wp\/v2\/media\/7151"}],"wp:attachment":[{"href":"https:\/\/centralconsulting.africa\/index.php\/wp-json\/wp\/v2\/media?parent=7152"}],"wp:term":[{"taxonomy":"product_cat","embeddable":true,"href":"https:\/\/centralconsulting.africa\/index.php\/wp-json\/wp\/v2\/product_cat?post=7152"},{"taxonomy":"product_tag","embeddable":true,"href":"https:\/\/centralconsulting.africa\/index.php\/wp-json\/wp\/v2\/product_tag?post=7152"}],"curies":[{"name":"wp","href":"https:\/\/api.w.org\/{rel}","templated":true}]}}