{"id":7147,"date":"2023-06-21T14:40:24","date_gmt":"2023-06-21T14:40:24","guid":{"rendered":"https:\/\/centralconsulting.africa\/?post_type=product&#038;p=7147"},"modified":"2023-06-21T14:40:24","modified_gmt":"2023-06-21T14:40:24","slug":"joints-simplex","status":"publish","type":"product","link":"https:\/\/centralconsulting.africa\/index.php\/product\/joints-simplex\/","title":{"rendered":"JOINTS SIMPLEX"},"content":{"rendered":"","protected":false},"excerpt":{"rendered":"<p>La large gamme de joints Simplex est compl\u00e9t\u00e9e par des roulements d\u2019arbre interm\u00e9diaire, des coussinets pour tube d\u2019\u00e9tambot et le FlexiTube Simplex, un ensemble de tube d\u2019\u00e9tambot comprenant roulements, joints et coussinets en une seule solution cl\u00e9 en main.<\/p>\n<p>Joints d\u2019\u00e9tambot lubrifi\u00e9s \u00e0 l\u2019huile,<br \/>\nJoints d\u2019\u00e9tambot lubrifi\u00e9s combin\u00e9s,<br \/>\nJoints d\u2019\u00e9tambot lubrifi\u00e9s \u00e0 l\u2019eau,<br \/>\nDouilles de tube d\u2019\u00e9tambot lubrifi\u00e9es \u00e0 l\u2019eau,<br \/>\nAccessoires pour joints de tube d\u2019\u00e9tambot.<\/p>\n","protected":false},"featured_media":7148,"comment_status":"open","ping_status":"closed","template":"","meta":[],"product_cat":[],"product_tag":[],"_links":{"self":[{"href":"https:\/\/centralconsulting.africa\/index.php\/wp-json\/wp\/v2\/product\/7147"}],"collection":[{"href":"https:\/\/centralconsulting.africa\/index.php\/wp-json\/wp\/v2\/product"}],"about":[{"href":"https:\/\/centralconsulting.africa\/index.php\/wp-json\/wp\/v2\/types\/product"}],"replies":[{"embeddable":true,"href":"https:\/\/centralconsulting.africa\/index.php\/wp-json\/wp\/v2\/comments?post=7147"}],"wp:featuredmedia":[{"embeddable":true,"href":"https:\/\/centralconsulting.africa\/index.php\/wp-json\/wp\/v2\/media\/7148"}],"wp:attachment":[{"href":"https:\/\/centralconsulting.africa\/index.php\/wp-json\/wp\/v2\/media?parent=7147"}],"wp:term":[{"taxonomy":"product_cat","embeddable":true,"href":"https:\/\/centralconsulting.africa\/index.php\/wp-json\/wp\/v2\/product_cat?post=7147"},{"taxonomy":"product_tag","embeddable":true,"href":"https:\/\/centralconsulting.africa\/index.php\/wp-json\/wp\/v2\/product_tag?post=7147"}],"curies":[{"name":"wp","href":"https:\/\/api.w.org\/{rel}","templated":true}]}}