{"id":7141,"date":"2023-06-21T13:56:42","date_gmt":"2023-06-21T13:56:42","guid":{"rendered":"https:\/\/centralconsulting.africa\/?post_type=product&#038;p=7141"},"modified":"2023-06-21T13:56:43","modified_gmt":"2023-06-21T13:56:43","slug":"demarrage-dun-programme-de-maintenance-conditionnelle-cc","status":"publish","type":"product","link":"https:\/\/centralconsulting.africa\/index.php\/product\/demarrage-dun-programme-de-maintenance-conditionnelle-cc\/","title":{"rendered":"D\u00c9MARRAGE D\u2019UN PROGRAMME DE MAINTENANCE CONDITIONNELLE CC"},"content":{"rendered":"","protected":false},"excerpt":{"rendered":"<p>Suivez ces quelques \u00e9tapes tr\u00e8s simples pour d\u00e9marrer votre programme de maintenance conditionnelle avec CC Marine:<\/p>\n<p>Pr\u00e9parez une liste de machines \u00e0 int\u00e9grer dans le programme de maintenance conditionnelle<br \/>\n\u00c9tablissez une correspondance avec les mod\u00e8les d\u2019appareils CC Marine<br \/>\nLes experts en maintenance conditionnelle SKF vont se charger de votre base de donn\u00e9es de maintenance conditionnelle<br \/>\nProc\u00e9dez \u00e0 la mise en place \u00e0 bord d\u2019instructions de travail de qualit\u00e9 fournies par CC<br \/>\nInstallez MicrologSync \u00e0 bord<br \/>\nConnectez-vous au CC One Global Cloud et faites un essai<br \/>\nNotre \u00e9quipe CC Marine serait heureuse de vous aider \u00e0 trouver la solution optimale pour r\u00e9pondre \u00e0 vos besoins.<\/p>\n","protected":false},"featured_media":7142,"comment_status":"open","ping_status":"closed","template":"","meta":[],"product_cat":[],"product_tag":[],"_links":{"self":[{"href":"https:\/\/centralconsulting.africa\/index.php\/wp-json\/wp\/v2\/product\/7141"}],"collection":[{"href":"https:\/\/centralconsulting.africa\/index.php\/wp-json\/wp\/v2\/product"}],"about":[{"href":"https:\/\/centralconsulting.africa\/index.php\/wp-json\/wp\/v2\/types\/product"}],"replies":[{"embeddable":true,"href":"https:\/\/centralconsulting.africa\/index.php\/wp-json\/wp\/v2\/comments?post=7141"}],"wp:featuredmedia":[{"embeddable":true,"href":"https:\/\/centralconsulting.africa\/index.php\/wp-json\/wp\/v2\/media\/7142"}],"wp:attachment":[{"href":"https:\/\/centralconsulting.africa\/index.php\/wp-json\/wp\/v2\/media?parent=7141"}],"wp:term":[{"taxonomy":"product_cat","embeddable":true,"href":"https:\/\/centralconsulting.africa\/index.php\/wp-json\/wp\/v2\/product_cat?post=7141"},{"taxonomy":"product_tag","embeddable":true,"href":"https:\/\/centralconsulting.africa\/index.php\/wp-json\/wp\/v2\/product_tag?post=7141"}],"curies":[{"name":"wp","href":"https:\/\/api.w.org\/{rel}","templated":true}]}}