{"id":7138,"date":"2023-06-21T13:46:56","date_gmt":"2023-06-21T13:46:56","guid":{"rendered":"https:\/\/centralconsulting.africa\/?post_type=product&#038;p=7138"},"modified":"2023-06-21T13:46:56","modified_gmt":"2023-06-21T13:46:56","slug":"avantages-dun-programme-de-maintenance-conditionnelle-cc","status":"publish","type":"product","link":"https:\/\/centralconsulting.africa\/index.php\/product\/avantages-dun-programme-de-maintenance-conditionnelle-cc\/","title":{"rendered":"AVANTAGES D\u2019UN PROGRAMME DE MAINTENANCE CONDITIONNELLE CC"},"content":{"rendered":"","protected":false},"excerpt":{"rendered":"<p>La mise en place \u00e0 bord d\u2019un programme de maintenance conditionnelle CC peut vous aider \u00e0 :<\/p>\n<p>R\u00e9duire les co\u00fbts de maintenance des machines<br \/>\nAm\u00e9liorer la fiabilit\u00e9 des \u00e9quipements et des pr\u00e9visions<br \/>\nOptimiser la dur\u00e9e de disponibilit\u00e9 des machines et des navires<br \/>\nSimplifier et rationaliser les proc\u00e9dures de classification<br \/>\nAm\u00e9liorer la s\u00e9curit\u00e9 \u00e0 bord pour le personnel<br \/>\nR\u00e9duire au maximum l\u2019impact sur l\u2019environnement gr\u00e2ce \u00e0 des machines en bon \u00e9tat<\/p>\n","protected":false},"featured_media":7140,"comment_status":"open","ping_status":"closed","template":"","meta":[],"product_cat":[],"product_tag":[],"_links":{"self":[{"href":"https:\/\/centralconsulting.africa\/index.php\/wp-json\/wp\/v2\/product\/7138"}],"collection":[{"href":"https:\/\/centralconsulting.africa\/index.php\/wp-json\/wp\/v2\/product"}],"about":[{"href":"https:\/\/centralconsulting.africa\/index.php\/wp-json\/wp\/v2\/types\/product"}],"replies":[{"embeddable":true,"href":"https:\/\/centralconsulting.africa\/index.php\/wp-json\/wp\/v2\/comments?post=7138"}],"wp:featuredmedia":[{"embeddable":true,"href":"https:\/\/centralconsulting.africa\/index.php\/wp-json\/wp\/v2\/media\/7140"}],"wp:attachment":[{"href":"https:\/\/centralconsulting.africa\/index.php\/wp-json\/wp\/v2\/media?parent=7138"}],"wp:term":[{"taxonomy":"product_cat","embeddable":true,"href":"https:\/\/centralconsulting.africa\/index.php\/wp-json\/wp\/v2\/product_cat?post=7138"},{"taxonomy":"product_tag","embeddable":true,"href":"https:\/\/centralconsulting.africa\/index.php\/wp-json\/wp\/v2\/product_tag?post=7138"}],"curies":[{"name":"wp","href":"https:\/\/api.w.org\/{rel}","templated":true}]}}