{"id":7136,"date":"2023-06-21T13:33:45","date_gmt":"2023-06-21T13:33:45","guid":{"rendered":"https:\/\/centralconsulting.africa\/?post_type=product&#038;p=7136"},"modified":"2023-06-21T13:33:45","modified_gmt":"2023-06-21T13:33:45","slug":"accouplements-ok","status":"publish","type":"product","link":"https:\/\/centralconsulting.africa\/index.php\/product\/accouplements-ok\/","title":{"rendered":"ACCOUPLEMENTS OK"},"content":{"rendered":"<p>Un accouplement CC OK ne n\u00e9cessite pas de rainure de clavette dans l\u2019arbre ou le moyeu pour transf\u00e9rer les couples. Il s\u2019agit d\u2019une \u00e9conomie majeure et permet d\u2019\u00e9viter les augmentations de tension de l\u2019arbre. Ils int\u00e8grent un mince manchon int\u00e9rieur conique, con\u00e7u pour s\u2019adapter sur l\u2019arbre, et un manchon ext\u00e9rieur \u00e9pais, avec un c\u00f4ne correspondant \u00e0 celui du manchon int\u00e9rieur. L\u2019huile est inject\u00e9e \u00e0 haute pression entre les surfaces de contact et le manchon ext\u00e9rieur est entra\u00een\u00e9 vers le haut du manchon int\u00e9rieur avec un v\u00e9rin hydraulique int\u00e9gr\u00e9. Une fois correctement positionn\u00e9e, la pression d\u2019huile est rel\u00e2ch\u00e9e et l\u2019ajustement serr\u00e9 puissant qui en r\u00e9sulte permet de transmettre des couples \u00e9lev\u00e9s.<\/p>\n<p>Facile, s\u00fbr et rapide \u00e0 installer<br \/>\nSans cl\u00e9 Augmentation des performances de l\u2019\u00e9quipement<br \/>\nDur\u00e9e de vie prolong\u00e9e<br \/>\nCo\u00fbts de maintenance r\u00e9duits<br \/>\nTemps de r\u00e9paration moyen r\u00e9duit (MTTR)<br \/>\nTransmettez 50% de couple en plus avec les accouplements OKCX et OKFX<\/p>\n<p>Le manchon int\u00e9rieur des raccords OKCX et OKFX est recouvert de carbures utilisant une technologie plasma avanc\u00e9e. Ce rev\u00eatement augmente consid\u00e9rablement la capacit\u00e9 de couple, 50% plus \u00e9lev\u00e9e que pour l\u2019accouplement OKC ou OKF de m\u00eame taille, et conf\u00e8re \u00e0 l\u2019accouplement OKCX ou OKFX un certain nombre d\u2019avantages :<\/p>\n<p>Un couple plus \u00e9lev\u00e9 peut \u00eatre transmis<br \/>\nPeut supporter des forces de choc plus importantes caus\u00e9es par des commutateurs \u00e0 rotation rapide<br \/>\nLe diam\u00e8tre de l\u2019arbre peut \u00eatre r\u00e9duit<br \/>\nLe diam\u00e8tre et la longueur de l\u2019accouplement peuvent \u00eatre r\u00e9duits<br \/>\nLe poids de l\u2019accouplement peut \u00eatre r\u00e9duit<br \/>\nLa pression de surface du raccord peut \u00eatre r\u00e9duite<br \/>\nManchons de renforcement pour arbres creux non n\u00e9cessaires<\/p>\n","protected":false},"excerpt":{"rendered":"<p>Le montage et le d\u00e9montage des accouplements d\u2019arbre peuvent prendre du temps et prendre des heures, voire des jours. Les accouplements SKF OK peuvent r\u00e9duire consid\u00e9rablement le temps n\u00e9cessaire pour connecter les arbres rotatifs et les brides dans les \u00e9quipements lourds tels que les grandes bo\u00eetes de vitesses.<\/p>\n","protected":false},"featured_media":7118,"comment_status":"open","ping_status":"closed","template":"","meta":[],"product_cat":[],"product_tag":[],"_links":{"self":[{"href":"https:\/\/centralconsulting.africa\/index.php\/wp-json\/wp\/v2\/product\/7136"}],"collection":[{"href":"https:\/\/centralconsulting.africa\/index.php\/wp-json\/wp\/v2\/product"}],"about":[{"href":"https:\/\/centralconsulting.africa\/index.php\/wp-json\/wp\/v2\/types\/product"}],"replies":[{"embeddable":true,"href":"https:\/\/centralconsulting.africa\/index.php\/wp-json\/wp\/v2\/comments?post=7136"}],"wp:featuredmedia":[{"embeddable":true,"href":"https:\/\/centralconsulting.africa\/index.php\/wp-json\/wp\/v2\/media\/7118"}],"wp:attachment":[{"href":"https:\/\/centralconsulting.africa\/index.php\/wp-json\/wp\/v2\/media?parent=7136"}],"wp:term":[{"taxonomy":"product_cat","embeddable":true,"href":"https:\/\/centralconsulting.africa\/index.php\/wp-json\/wp\/v2\/product_cat?post=7136"},{"taxonomy":"product_tag","embeddable":true,"href":"https:\/\/centralconsulting.africa\/index.php\/wp-json\/wp\/v2\/product_tag?post=7136"}],"curies":[{"name":"wp","href":"https:\/\/api.w.org\/{rel}","templated":true}]}}