{"id":7135,"date":"2023-06-21T13:22:26","date_gmt":"2023-06-21T13:22:26","guid":{"rendered":"https:\/\/centralconsulting.africa\/?post_type=product&#038;p=7135"},"modified":"2023-06-21T13:22:26","modified_gmt":"2023-06-21T13:22:26","slug":"roulements-split-cooper","status":"publish","type":"product","link":"https:\/\/centralconsulting.africa\/index.php\/product\/roulements-split-cooper\/","title":{"rendered":"ROULEMENTS SPLIT COOPER"},"content":{"rendered":"","protected":false},"excerpt":{"rendered":"<p>Simple \u00e0 installer, inspecter ou retirer.<\/p>\n<p>Les roulements divis\u00e9s sur les roulements de l\u2019arbre se d\u00e9montent en composants plus petits, facilitant les t\u00e2ches de levage et de manutention et facilitant le montage ou le changement, m\u00eame dans les positions les plus exigu\u00ebs. Les d\u00e9gagements sont pr\u00e9r\u00e9gl\u00e9s donc aucun r\u00e9glage \u00e0 bord n\u2019est n\u00e9cessaire et aucun outil de montage sp\u00e9cialis\u00e9 n\u2019est requis.<\/p>\n<p>Notre longue exp\u00e9rience dans les exigences du segment maritime signifie que le produit standard peut incorporer une gamme de fonctionnalit\u00e9s personnalis\u00e9es pour r\u00e9pondre aux exigences et sp\u00e9cifications individuelles. Des exemples de ceux-ci sont pr\u00e9sent\u00e9s dans notre unit\u00e9 de pi\u00e9destal de ligne Z en face.<\/p>\n<p>La lubrification \u00e0 cartouche sph\u00e9rique permet un mouvement suppl\u00e9mentaire pour g\u00e9rer la flexion de la coque du navire.<\/p>\n<p>Le dessous plat et solide de la base du pi\u00e9destal offre la surface parfaite pour caler les compos\u00e9s.<\/p>\n<p>Les vis de levage permettent un alignement simple des roulements le long de l\u2019arbre.<\/p>\n<p>Trous d\u2019inspection pour la mesure en place de la position axiale de l\u2019arbre.<\/p>\n<p>Trous taraud\u00e9s pour capteurs de temp\u00e9rature et de vibrations.<\/p>\n","protected":false},"featured_media":7118,"comment_status":"open","ping_status":"closed","template":"","meta":[],"product_cat":[],"product_tag":[],"_links":{"self":[{"href":"https:\/\/centralconsulting.africa\/index.php\/wp-json\/wp\/v2\/product\/7135"}],"collection":[{"href":"https:\/\/centralconsulting.africa\/index.php\/wp-json\/wp\/v2\/product"}],"about":[{"href":"https:\/\/centralconsulting.africa\/index.php\/wp-json\/wp\/v2\/types\/product"}],"replies":[{"embeddable":true,"href":"https:\/\/centralconsulting.africa\/index.php\/wp-json\/wp\/v2\/comments?post=7135"}],"wp:featuredmedia":[{"embeddable":true,"href":"https:\/\/centralconsulting.africa\/index.php\/wp-json\/wp\/v2\/media\/7118"}],"wp:attachment":[{"href":"https:\/\/centralconsulting.africa\/index.php\/wp-json\/wp\/v2\/media?parent=7135"}],"wp:term":[{"taxonomy":"product_cat","embeddable":true,"href":"https:\/\/centralconsulting.africa\/index.php\/wp-json\/wp\/v2\/product_cat?post=7135"},{"taxonomy":"product_tag","embeddable":true,"href":"https:\/\/centralconsulting.africa\/index.php\/wp-json\/wp\/v2\/product_tag?post=7135"}],"curies":[{"name":"wp","href":"https:\/\/api.w.org\/{rel}","templated":true}]}}