{"id":7134,"date":"2023-06-21T13:18:36","date_gmt":"2023-06-21T13:18:36","guid":{"rendered":"https:\/\/centralconsulting.africa\/?post_type=product&#038;p=7134"},"modified":"2023-06-21T13:18:36","modified_gmt":"2023-06-21T13:18:36","slug":"paliers-de-butee-simplex-haute-charge","status":"publish","type":"product","link":"https:\/\/centralconsulting.africa\/index.php\/product\/paliers-de-butee-simplex-haute-charge\/","title":{"rendered":"PALIERS DE BUT\u00c9E SIMPLEX HAUTE CHARGE"},"content":{"rendered":"<p>L\u2019arbre de pouss\u00e9e avec le collier forg\u00e9 solide transmet la pouss\u00e9e au corps de palier. Dans une direction axiale, le collier de pouss\u00e9e est guid\u00e9 des deux c\u00f4t\u00e9s par les patins inclinables. Ces coussinets reposent sur une base sph\u00e9rique et s\u2019appuient directement sur le bo\u00eetier. Ils peuvent \u00eatre ins\u00e9r\u00e9s et retir\u00e9s \u00e0 travers une ouverture d\u2019assemblage sans avoir \u00e0 retirer la moiti\u00e9 sup\u00e9rieure du bo\u00eetier du roulement.<\/p>\n<p>La forme des patins inclinables HL vous offre un d\u00e9bit d\u2019huile am\u00e9lior\u00e9, un refroidissement plus efficace, une friction plus faible et donc une perte d\u2019efficacit\u00e9 r\u00e9duite avec une dur\u00e9e de vie accrue. En m\u00eame temps, le palier de but\u00e9e Simplex HL vous offre une r\u00e9sistance et une stabilit\u00e9 maximales. Cela est d\u00fb \u00e0 la conception robuste et nervur\u00e9e du bo\u00eetier avec les supports rigides des patins inclinables ainsi qu\u2019\u00e0 son montage sur la fondation. De plus, ces caract\u00e9ristiques techniques r\u00e9duisent le moment de basculement.<\/p>\n<p>Selon les exigences du client, SKF Marine peut configurer les paliers de but\u00e9e Simplex HL en combinaison avec un palier radial ou, au-dessus de la taille 500, comme paliers de but\u00e9e purs.<\/p>\n","protected":false},"excerpt":{"rendered":"<p>Les paliers de pouss\u00e9e Simplex High-load (HL) sont des paliers \u00e0 collet unique pour absorber les charges de pouss\u00e9e produites par l\u2019h\u00e9lice du navire.<\/p>\n<p>D\u2019autres applications, telles que les turbines, les soufflantes \u00e0 air, les dragues suceuses et les pompes centrifuges, sont \u00e9galement possibles. Si n\u00e9cessaire, les pi\u00e8ces internes du roulement peuvent \u00e9galement \u00eatre mont\u00e9es dans des bo\u00eetes de vitesses ou, en utilisant des carters \u00e0 bride, sur des moteurs et des moteurs. Bien entendu, les paliers de but\u00e9e Simplex HL sont fabriqu\u00e9s conform\u00e9ment aux r\u00e8gles de toutes les soci\u00e9t\u00e9s de classification internationales.<\/p>\n","protected":false},"featured_media":7118,"comment_status":"open","ping_status":"closed","template":"","meta":[],"product_cat":[],"product_tag":[],"_links":{"self":[{"href":"https:\/\/centralconsulting.africa\/index.php\/wp-json\/wp\/v2\/product\/7134"}],"collection":[{"href":"https:\/\/centralconsulting.africa\/index.php\/wp-json\/wp\/v2\/product"}],"about":[{"href":"https:\/\/centralconsulting.africa\/index.php\/wp-json\/wp\/v2\/types\/product"}],"replies":[{"embeddable":true,"href":"https:\/\/centralconsulting.africa\/index.php\/wp-json\/wp\/v2\/comments?post=7134"}],"wp:featuredmedia":[{"embeddable":true,"href":"https:\/\/centralconsulting.africa\/index.php\/wp-json\/wp\/v2\/media\/7118"}],"wp:attachment":[{"href":"https:\/\/centralconsulting.africa\/index.php\/wp-json\/wp\/v2\/media?parent=7134"}],"wp:term":[{"taxonomy":"product_cat","embeddable":true,"href":"https:\/\/centralconsulting.africa\/index.php\/wp-json\/wp\/v2\/product_cat?post=7134"},{"taxonomy":"product_tag","embeddable":true,"href":"https:\/\/centralconsulting.africa\/index.php\/wp-json\/wp\/v2\/product_tag?post=7134"}],"curies":[{"name":"wp","href":"https:\/\/api.w.org\/{rel}","templated":true}]}}