{"id":7132,"date":"2023-06-21T13:11:25","date_gmt":"2023-06-21T13:11:25","guid":{"rendered":"https:\/\/centralconsulting.africa\/?post_type=product&#038;p=7132"},"modified":"2023-06-21T13:11:25","modified_gmt":"2023-06-21T13:11:25","slug":"paliers-darbre-intermediaires-simplex","status":"publish","type":"product","link":"https:\/\/centralconsulting.africa\/index.php\/product\/paliers-darbre-intermediaires-simplex\/","title":{"rendered":"PALIERS D\u2019ARBRE INTERM\u00c9DIAIRES SIMPLEX"},"content":{"rendered":"<p>Les roulements Simplex se caract\u00e9risent par une courte longueur de coque. De plus, ils peuvent \u00eatre align\u00e9s avec pr\u00e9cision pour \u00e9viter les charges sur les bords. Les propri\u00e9t\u00e9s de roulement du m\u00e9tal porteur ont \u00e9t\u00e9 optimis\u00e9es gr\u00e2ce \u00e0 une liaison techniquement tr\u00e8s avanc\u00e9e du m\u00e9tal porteur et de la coque. La lubrification vitale du roulement est garantie \u00e0 tout moment dans le roulement Simplex, m\u00eame \u00e0 basse vitesse d\u2019arbre. Des syst\u00e8mes de d\u00e9tection et de surveillance de la temp\u00e9rature sont \u00e9galement fournis. Des syst\u00e8mes de refroidissement sont disponibles pour les conditions de fonctionnement difficiles.<\/p>\n","protected":false},"excerpt":{"rendered":"<p>L\u2019efficacit\u00e9 op\u00e9rationnelle d\u2019une machine ou d\u2019une installation est d\u00e9termin\u00e9e principalement par la qualit\u00e9 des roulements de tous les composants rotatifs. Cela vaut en particulier pour le puits de ligne des installations de propulsion des navires. SKF Marine a d\u00e9velopp\u00e9 les roulements SIMPLEX sp\u00e9cialement \u00e0 cet effet en tant que roulements lisses courts.<\/p>\n","protected":false},"featured_media":7133,"comment_status":"open","ping_status":"closed","template":"","meta":[],"product_cat":[],"product_tag":[],"_links":{"self":[{"href":"https:\/\/centralconsulting.africa\/index.php\/wp-json\/wp\/v2\/product\/7132"}],"collection":[{"href":"https:\/\/centralconsulting.africa\/index.php\/wp-json\/wp\/v2\/product"}],"about":[{"href":"https:\/\/centralconsulting.africa\/index.php\/wp-json\/wp\/v2\/types\/product"}],"replies":[{"embeddable":true,"href":"https:\/\/centralconsulting.africa\/index.php\/wp-json\/wp\/v2\/comments?post=7132"}],"wp:featuredmedia":[{"embeddable":true,"href":"https:\/\/centralconsulting.africa\/index.php\/wp-json\/wp\/v2\/media\/7133"}],"wp:attachment":[{"href":"https:\/\/centralconsulting.africa\/index.php\/wp-json\/wp\/v2\/media?parent=7132"}],"wp:term":[{"taxonomy":"product_cat","embeddable":true,"href":"https:\/\/centralconsulting.africa\/index.php\/wp-json\/wp\/v2\/product_cat?post=7132"},{"taxonomy":"product_tag","embeddable":true,"href":"https:\/\/centralconsulting.africa\/index.php\/wp-json\/wp\/v2\/product_tag?post=7132"}],"curies":[{"name":"wp","href":"https:\/\/api.w.org\/{rel}","templated":true}]}}