{"id":7129,"date":"2023-06-21T13:05:50","date_gmt":"2023-06-21T13:05:50","guid":{"rendered":"https:\/\/centralconsulting.africa\/?post_type=product&#038;p=7129"},"modified":"2023-06-21T13:07:15","modified_gmt":"2023-06-21T13:07:15","slug":"flexitube-et-stern-tube","status":"publish","type":"product","link":"https:\/\/centralconsulting.africa\/index.php\/product\/flexitube-et-stern-tube\/","title":{"rendered":"FlexiTube et Stern Tube"},"content":{"rendered":"<p>Pour concevoir un Simplex FlexiTube ou Simplex SternTube personnalis\u00e9, seul le type de coque, la longueur du tube d\u2019\u00e9tambot et le diam\u00e8tre de l\u2019arbre d\u2019h\u00e9lice sont n\u00e9cessaires. Les solutions de tube d\u2019\u00e9tambot Simplex conviennent \u00e0 tous les types et tailles de navires.<\/p>\n<p>Une installation compl\u00e8te du tube d\u2019\u00e9tambot en moins de huit (8) heures<br \/>\nInstallation sans stress<br \/>\nConception sur mesure<br \/>\nSolution cl\u00e9 en main pr\u00eate \u00e0 \u00eatre install\u00e9e<br \/>\nInstallation simple et pr\u00e9cise<br \/>\nRefroidissement simple et efficace<br \/>\nFaible usure des roulements, des coques et des joints d\u2019arbre<br \/>\nEntretien simple et facile depuis la salle des machines<br \/>\nRoulements facilement rempla\u00e7ables<br \/>\nFaible consommation d\u2019huile de tube d\u2019\u00e9tambot gr\u00e2ce \u00e0 la conception optimis\u00e9e<br \/>\nCompensation des \u00e9carts m\u00e9caniques<br \/>\nHomologu\u00e9 par les soci\u00e9t\u00e9s de classification<br \/>\nLe Simplex FlexiTube ainsi que le Simplex SternTube sont disponibles pour les navires sans entretoise d\u2019arbre ainsi que pour les navires avec une ou deux entretoises d\u2019arbre.<\/p>\n","protected":false},"excerpt":{"rendered":"<p>Avec Simplex FlexiTube et Simplex SternTube, SKF Marine offre une technologie de pr\u00e9cision dans une solution compl\u00e8te comprenant moins de pr\u00e9paration pour le concepteur, le chantier naval et le constructeur. Les solutions brevet\u00e9es sont des tubes d\u2019\u00e9tambot complets comprenant des douilles de tube d\u2019\u00e9tambot, un ensemble d\u2019\u00e9tanch\u00e9it\u00e9 brevet\u00e9 et la supervision de l\u2019installation. Il facilite une installation rapide et pr\u00e9cise sous la supervision d\u2019un personnel qualifi\u00e9 ainsi qu\u2019une maintenance plus facile et des co\u00fbts de maintenance r\u00e9duits lorsque le navire est en fonctionnement.<\/p>\n","protected":false},"featured_media":7130,"comment_status":"open","ping_status":"closed","template":"","meta":[],"product_cat":[],"product_tag":[],"_links":{"self":[{"href":"https:\/\/centralconsulting.africa\/index.php\/wp-json\/wp\/v2\/product\/7129"}],"collection":[{"href":"https:\/\/centralconsulting.africa\/index.php\/wp-json\/wp\/v2\/product"}],"about":[{"href":"https:\/\/centralconsulting.africa\/index.php\/wp-json\/wp\/v2\/types\/product"}],"replies":[{"embeddable":true,"href":"https:\/\/centralconsulting.africa\/index.php\/wp-json\/wp\/v2\/comments?post=7129"}],"wp:featuredmedia":[{"embeddable":true,"href":"https:\/\/centralconsulting.africa\/index.php\/wp-json\/wp\/v2\/media\/7130"}],"wp:attachment":[{"href":"https:\/\/centralconsulting.africa\/index.php\/wp-json\/wp\/v2\/media?parent=7129"}],"wp:term":[{"taxonomy":"product_cat","embeddable":true,"href":"https:\/\/centralconsulting.africa\/index.php\/wp-json\/wp\/v2\/product_cat?post=7129"},{"taxonomy":"product_tag","embeddable":true,"href":"https:\/\/centralconsulting.africa\/index.php\/wp-json\/wp\/v2\/product_tag?post=7129"}],"curies":[{"name":"wp","href":"https:\/\/api.w.org\/{rel}","templated":true}]}}