{"id":7123,"date":"2023-06-21T12:53:22","date_gmt":"2023-06-21T12:53:22","guid":{"rendered":"https:\/\/centralconsulting.africa\/?post_type=product&#038;p=7123"},"modified":"2023-06-21T12:53:23","modified_gmt":"2023-06-21T12:53:23","slug":"joint-de-cloison-simplex-centrax","status":"publish","type":"product","link":"https:\/\/centralconsulting.africa\/index.php\/product\/joint-de-cloison-simplex-centrax\/","title":{"rendered":"JOINT DE CLOISON SIMPLEX CENTRAX"},"content":{"rendered":"","protected":false},"excerpt":{"rendered":"<p>Le joint de cloison Simplex Centrax est utilis\u00e9 exclusivement sur les navires pour sceller les arbres rotatifs contre les cloisons afin d\u2019\u00e9viter d\u2019inonder les compartiments li\u00e9s (par exemple la salle des machines ou le tunnel d\u2019arbre) en cas d\u2019accident.<\/p>\n<p>Les mouvements radiaux et axiaux de l\u2019arbre sont facilement absorb\u00e9s par le joint de cloison Simplex Centrax.<\/p>\n<p>En raison des bonnes propri\u00e9t\u00e9s autolubrifiantes des bagues d\u2019\u00e9tanch\u00e9it\u00e9 en carbone, qui sont situ\u00e9es directement sur l\u2019arbre lui-m\u00eame, aucune lubrification suppl\u00e9mentaire n\u2019est n\u00e9cessaire.<\/p>\n<p>Le joint de cloison Simplex Centrax est donc pratiquement sans entretien.<\/p>\n","protected":false},"featured_media":7124,"comment_status":"open","ping_status":"closed","template":"","meta":[],"product_cat":[],"product_tag":[],"_links":{"self":[{"href":"https:\/\/centralconsulting.africa\/index.php\/wp-json\/wp\/v2\/product\/7123"}],"collection":[{"href":"https:\/\/centralconsulting.africa\/index.php\/wp-json\/wp\/v2\/product"}],"about":[{"href":"https:\/\/centralconsulting.africa\/index.php\/wp-json\/wp\/v2\/types\/product"}],"replies":[{"embeddable":true,"href":"https:\/\/centralconsulting.africa\/index.php\/wp-json\/wp\/v2\/comments?post=7123"}],"wp:featuredmedia":[{"embeddable":true,"href":"https:\/\/centralconsulting.africa\/index.php\/wp-json\/wp\/v2\/media\/7124"}],"wp:attachment":[{"href":"https:\/\/centralconsulting.africa\/index.php\/wp-json\/wp\/v2\/media?parent=7123"}],"wp:term":[{"taxonomy":"product_cat","embeddable":true,"href":"https:\/\/centralconsulting.africa\/index.php\/wp-json\/wp\/v2\/product_cat?post=7123"},{"taxonomy":"product_tag","embeddable":true,"href":"https:\/\/centralconsulting.africa\/index.php\/wp-json\/wp\/v2\/product_tag?post=7123"}],"curies":[{"name":"wp","href":"https:\/\/api.w.org\/{rel}","templated":true}]}}