{"id":7117,"date":"2023-06-20T16:40:39","date_gmt":"2023-06-20T16:40:39","guid":{"rendered":"https:\/\/centralconsulting.africa\/?post_type=product&#038;p=7117"},"modified":"2023-06-20T16:40:39","modified_gmt":"2023-06-20T16:40:39","slug":"solutions-de-ligne-darbre","status":"publish","type":"product","link":"https:\/\/centralconsulting.africa\/index.php\/product\/solutions-de-ligne-darbre\/","title":{"rendered":"SOLUTIONS DE LIGNE D\u2019ARBRE"},"content":{"rendered":"","protected":false},"excerpt":{"rendered":"<p><strong>CC<\/strong> Marine est un fournisseur sp\u00e9cialis\u00e9 de produits et de services m\u00e9caniques pour les arbres de propulsion et les tubes d\u2019\u00e9tambot. Les composants d\u2019arbre Simplex, y compris les joints de tube d\u2019\u00e9tambot, les roulements de ligne d\u2019arbre interm\u00e9diaire, les roulements de pouss\u00e9e ainsi que les solutions compl\u00e8tes de tube d\u2019\u00e9tambot, ont \u00e9tabli la norme sur le march\u00e9 depuis des ann\u00e9es. Le portefeuille de lignes d\u2019arbres sera compl\u00e9t\u00e9 par les syst\u00e8mes d\u2019accouplement SKF, les solutions de lubrification et de surveillance de l\u2019\u00e9tat de la transmission compl\u00e8te, ainsi que des services maritimes sp\u00e9ciaux.<\/p>\n","protected":false},"featured_media":7118,"comment_status":"open","ping_status":"closed","template":"","meta":[],"product_cat":[],"product_tag":[],"_links":{"self":[{"href":"https:\/\/centralconsulting.africa\/index.php\/wp-json\/wp\/v2\/product\/7117"}],"collection":[{"href":"https:\/\/centralconsulting.africa\/index.php\/wp-json\/wp\/v2\/product"}],"about":[{"href":"https:\/\/centralconsulting.africa\/index.php\/wp-json\/wp\/v2\/types\/product"}],"replies":[{"embeddable":true,"href":"https:\/\/centralconsulting.africa\/index.php\/wp-json\/wp\/v2\/comments?post=7117"}],"wp:featuredmedia":[{"embeddable":true,"href":"https:\/\/centralconsulting.africa\/index.php\/wp-json\/wp\/v2\/media\/7118"}],"wp:attachment":[{"href":"https:\/\/centralconsulting.africa\/index.php\/wp-json\/wp\/v2\/media?parent=7117"}],"wp:term":[{"taxonomy":"product_cat","embeddable":true,"href":"https:\/\/centralconsulting.africa\/index.php\/wp-json\/wp\/v2\/product_cat?post=7117"},{"taxonomy":"product_tag","embeddable":true,"href":"https:\/\/centralconsulting.africa\/index.php\/wp-json\/wp\/v2\/product_tag?post=7117"}],"curies":[{"name":"wp","href":"https:\/\/api.w.org\/{rel}","templated":true}]}}