{"id":7113,"date":"2023-06-20T16:27:43","date_gmt":"2023-06-20T16:27:43","guid":{"rendered":"https:\/\/centralconsulting.africa\/?post_type=product&#038;p=7113"},"modified":"2023-06-20T16:27:43","modified_gmt":"2023-06-20T16:27:43","slug":"lubrification-des-moteurs-diesel","status":"publish","type":"product","link":"https:\/\/centralconsulting.africa\/index.php\/product\/lubrification-des-moteurs-diesel\/","title":{"rendered":"LUBRIFICATION DES MOTEURS DIESEL"},"content":{"rendered":"","protected":false},"excerpt":{"rendered":"<table class=\"paragraphetexte\" border=\"0\" width=\"100%\" cellspacing=\"0\" cellpadding=\"0\">\n<tbody>\n<tr>\n<td width=\"100%\">\n<div class=\"B10_paragraphe_0\">\n<p>SKF Marine offre \u00e9galement des solutions de lubrification efficaces pour les moteurs diesel, qui contribuent \u00e0 r\u00e9duire la consommation de lubrifiant des cylindres.<\/p>\n<p>Des produits de classe homologu\u00e9e ATEX ou ICE sont disponibles sur demande pour toutes les applications.<\/p>\n<p>Pour l\u2019huile, la graisse fluide et la graisse :<\/p>\n<p>Les syst\u00e8mes de lubrification progressifs SKF ProFlex et Lincoln Quicklub peuvent \u00eatre utilis\u00e9s sur des machines de petite \u00e0 moyenne taille avec des points de lubrification dispers\u00e9s qui requi\u00e8rent des quantit\u00e9s de variables de lubrifiant.<\/p>\n<p>Les syst\u00e8mes de lubrification progressifs sont constitu\u00e9s d\u2019une pompe connect\u00e9e \u00e0 un distributeur. Au besoin, des distributeurs secondaires peuvent \u00eatre raccord\u00e9s aux sorties du distributeur primaire pour augmenter le nombre de points lubrifi\u00e9s.<\/p>\n<p>La pompe distribue le lubrifiant aux distributeurs avec une pression pouvant atteindre 550 bar, selon le mod\u00e8le de pompe. Les distributeurs r\u00e9partissent le lubrifiant en quantit\u00e9s uniformes ou pr\u00e9d\u00e9finies, selon le distributeur. Les syst\u00e8mes progressifs SKF peuvent distribuer une quantit\u00e9 sp\u00e9cifiquement dos\u00e9e de lubrifiant vers au maximum 150 points de lubrification sur des distances d\u2019environ 15 m. Pour les applications \u00e0 l\u2019huile, m\u00eame en cas d\u2019utilisation des limiteurs de d\u00e9bit, nous pouvons couvrir des distances de plus de 100 m.<\/p>\n<p>Les syst\u00e8mes progressifs SKF fournissent une lubrification continue tant que la pompe est en marche. Lorsque la pompe est arr\u00eat\u00e9e, les pistons du distributeur progressif s\u2019arr\u00eatent. Lorsque la pompe se remet \u00e0 fournir du lubrifiant, les pistons reprennent leur t\u00e2che \u00e0 l\u2019endroit o\u00f9 ils s\u2019\u00e9taient arr\u00eat\u00e9s.<\/p>\n<\/div>\n<\/td>\n<\/tr>\n<\/tbody>\n<\/table>\n","protected":false},"featured_media":7114,"comment_status":"open","ping_status":"closed","template":"","meta":[],"product_cat":[],"product_tag":[],"_links":{"self":[{"href":"https:\/\/centralconsulting.africa\/index.php\/wp-json\/wp\/v2\/product\/7113"}],"collection":[{"href":"https:\/\/centralconsulting.africa\/index.php\/wp-json\/wp\/v2\/product"}],"about":[{"href":"https:\/\/centralconsulting.africa\/index.php\/wp-json\/wp\/v2\/types\/product"}],"replies":[{"embeddable":true,"href":"https:\/\/centralconsulting.africa\/index.php\/wp-json\/wp\/v2\/comments?post=7113"}],"wp:featuredmedia":[{"embeddable":true,"href":"https:\/\/centralconsulting.africa\/index.php\/wp-json\/wp\/v2\/media\/7114"}],"wp:attachment":[{"href":"https:\/\/centralconsulting.africa\/index.php\/wp-json\/wp\/v2\/media?parent=7113"}],"wp:term":[{"taxonomy":"product_cat","embeddable":true,"href":"https:\/\/centralconsulting.africa\/index.php\/wp-json\/wp\/v2\/product_cat?post=7113"},{"taxonomy":"product_tag","embeddable":true,"href":"https:\/\/centralconsulting.africa\/index.php\/wp-json\/wp\/v2\/product_tag?post=7113"}],"curies":[{"name":"wp","href":"https:\/\/api.w.org\/{rel}","templated":true}]}}