{"id":7110,"date":"2023-06-20T16:23:03","date_gmt":"2023-06-20T16:23:03","guid":{"rendered":"https:\/\/centralconsulting.africa\/?post_type=product&#038;p=7110"},"modified":"2023-06-20T16:23:03","modified_gmt":"2023-06-20T16:23:03","slug":"solutions-pour-lignes-darbre-moteurs-et-reducteurs","status":"publish","type":"product","link":"https:\/\/centralconsulting.africa\/index.php\/product\/solutions-pour-lignes-darbre-moteurs-et-reducteurs\/","title":{"rendered":"Solutions pour lignes d\u2019arbre, moteurs et r\u00e9ducteurs"},"content":{"rendered":"","protected":false},"excerpt":{"rendered":"<p>Qu\u2019ils soient soumis \u00e0 un mouvement rotatif ou lin\u00e9aire, tous les \u00e9quipements maritimes doivent \u00eatre lubrifi\u00e9s pour fonctionner au maximum de leurs capacit\u00e9s.<\/p>\n<p>Les produits de lubrification SKF sont disponibles pour tout type de navire. En fait, beaucoup d\u2019applications de lubrification d\u2019un navire peuvent \u00eatre effectu\u00e9es plus efficacement et en toute tranquillit\u00e9 avec les syst\u00e8mes de lubrification SKF et Lincoln.<\/p>\n<p>SKF Marine fournit des solutions de produits pour la lubrification ad\u00e9quate des paliers d\u2019arbre d\u2019h\u00e9lice et des m\u00e9canismes de direction, comme des entra\u00eenements de treuil, des cordages et des c\u00e2bles. En outre, des syst\u00e8mes de pulv\u00e9risation de graisse et d\u2019huile sont disponibles pour les syst\u00e8mes de levage et les m\u00e9canismes apparents. Les syst\u00e8mes de lubrification automatique SKF et Lincoln fournissent la quantit\u00e9 exacte du lubrifiant appropri\u00e9 au bon endroit et au bon moment pendant le fonctionnement de l\u2019\u00e9quipement sans interruption de fonctionnement.<\/p>\n<p>L\u2019huile est le lubrifiant de choix pour les paliers lourdement charg\u00e9s des joints de r\u00e9ducteurs ou de tube d\u2019\u00e9tambot. Elle lubrifie et refroidit les points de lubrification et retire les contaminants du circuit d\u2019huile.<\/p>\n","protected":false},"featured_media":7112,"comment_status":"open","ping_status":"closed","template":"","meta":[],"product_cat":[],"product_tag":[],"_links":{"self":[{"href":"https:\/\/centralconsulting.africa\/index.php\/wp-json\/wp\/v2\/product\/7110"}],"collection":[{"href":"https:\/\/centralconsulting.africa\/index.php\/wp-json\/wp\/v2\/product"}],"about":[{"href":"https:\/\/centralconsulting.africa\/index.php\/wp-json\/wp\/v2\/types\/product"}],"replies":[{"embeddable":true,"href":"https:\/\/centralconsulting.africa\/index.php\/wp-json\/wp\/v2\/comments?post=7110"}],"wp:featuredmedia":[{"embeddable":true,"href":"https:\/\/centralconsulting.africa\/index.php\/wp-json\/wp\/v2\/media\/7112"}],"wp:attachment":[{"href":"https:\/\/centralconsulting.africa\/index.php\/wp-json\/wp\/v2\/media?parent=7110"}],"wp:term":[{"taxonomy":"product_cat","embeddable":true,"href":"https:\/\/centralconsulting.africa\/index.php\/wp-json\/wp\/v2\/product_cat?post=7110"},{"taxonomy":"product_tag","embeddable":true,"href":"https:\/\/centralconsulting.africa\/index.php\/wp-json\/wp\/v2\/product_tag?post=7110"}],"curies":[{"name":"wp","href":"https:\/\/api.w.org\/{rel}","templated":true}]}}