{"id":7108,"date":"2023-06-20T16:13:53","date_gmt":"2023-06-20T16:13:53","guid":{"rendered":"https:\/\/centralconsulting.africa\/?post_type=product&#038;p=7108"},"modified":"2026-01-26T08:51:22","modified_gmt":"2026-01-26T08:51:22","slug":"kit-skf-vibracon-pour-supports-elastiques","status":"publish","type":"product","link":"https:\/\/centralconsulting.africa\/index.php\/product\/kit-skf-vibracon-pour-supports-elastiques\/","title":{"rendered":"KIT SKF VIBRACON POUR SUPPORTS \u00c9LASTIQUES"},"content":{"rendered":"<p>L\u2019installation correcte de supports \u00e9lastiques est un processus critique o\u00f9 des tol\u00e9rances strictes sont applicables \u00e0 la fois pour les supports r\u00e9silients individuels ainsi que pour tous les supports r\u00e9silient les uns vis a vis des autres. Le r\u00e9sultat est un processus d\u2019installation souvent long lorsque des m\u00e9thodes conventionnelles telles que la r\u00e9sine \u00e9poxy ou les cales en acier sont utilis\u00e9es. Avec l\u2019introduction du\u00a0<strong>kit SKF Vibracon<\/strong>\u00a0pour supports \u00e9lastiques, l\u2019installation est simplifi\u00e9e et le temps d\u2019installation est ramen\u00e9 au minimum.<\/p>\n<p>Le kit\u00a0<strong>SKF Vibracon<\/strong>\u00a0pour supports \u00e9lastiques fournit un ensemble de montage complet adapt\u00e9 \u00e0 l\u2019alignement et \u00e0 l\u2019installation d\u2019un support r\u00e9silient.<\/p>\n<p>Chaque kit se compose des pi\u00e8ces suivantes et est livr\u00e9 sous forme de solution monobloc pour une installation simple :<\/p>\n<ul>\n<li>1 x plaque d\u2019adaptation<\/li>\n<li>4 x cales SKF Vibracon<\/li>\n<li>4 x rondelles Sph\u00e9riques<\/li>\n<li>4 x boulons de fondation avec rondelles et \u00e9crous<\/li>\n<li>4 x boulons de levage<\/li>\n<li>4 x vis de verrouillage<\/li>\n<li>1 x outil de r\u00e9glage<\/li>\n<\/ul>\n","protected":false},"excerpt":{"rendered":"<p><span style=\"vertical-align: inherit;\"><span style=\"vertical-align: inherit;\">Le kit <\/span><\/span><strong><span style=\"vertical-align: inherit;\"><span style=\"vertical-align: inherit;\">CC Vibracon<\/span><\/span><\/strong><span style=\"vertical-align: inherit;\"><span style=\"vertical-align: inherit;\"> \u00a0a \u00e9t\u00e9 con\u00e7u pour l&#8217;alignement et le calage propre et permanent des \u00e9quipements mont\u00e9s de mani\u00e8re r\u00e9siliente. <\/span><span style=\"vertical-align: inherit;\">Cette solution de calage universel est particuli\u00e8rement rapide et facile \u00e0 utiliser sur les supports \u00e9lastiques de l&#8217;industrie maritime, tels que ceux situ\u00e9s sous les moteurs et les g\u00e9n\u00e9rateurs sont \u00e0 la fois r\u00e9glables et r\u00e9utilisables.<\/span><\/span><\/p>\n","protected":false},"featured_media":7109,"comment_status":"open","ping_status":"closed","template":"","meta":[],"product_cat":[],"product_tag":[],"_links":{"self":[{"href":"https:\/\/centralconsulting.africa\/index.php\/wp-json\/wp\/v2\/product\/7108"}],"collection":[{"href":"https:\/\/centralconsulting.africa\/index.php\/wp-json\/wp\/v2\/product"}],"about":[{"href":"https:\/\/centralconsulting.africa\/index.php\/wp-json\/wp\/v2\/types\/product"}],"replies":[{"embeddable":true,"href":"https:\/\/centralconsulting.africa\/index.php\/wp-json\/wp\/v2\/comments?post=7108"}],"wp:featuredmedia":[{"embeddable":true,"href":"https:\/\/centralconsulting.africa\/index.php\/wp-json\/wp\/v2\/media\/7109"}],"wp:attachment":[{"href":"https:\/\/centralconsulting.africa\/index.php\/wp-json\/wp\/v2\/media?parent=7108"}],"wp:term":[{"taxonomy":"product_cat","embeddable":true,"href":"https:\/\/centralconsulting.africa\/index.php\/wp-json\/wp\/v2\/product_cat?post=7108"},{"taxonomy":"product_tag","embeddable":true,"href":"https:\/\/centralconsulting.africa\/index.php\/wp-json\/wp\/v2\/product_tag?post=7108"}],"curies":[{"name":"wp","href":"https:\/\/api.w.org\/{rel}","templated":true}]}}