{"id":7106,"date":"2023-06-20T16:11:53","date_gmt":"2023-06-20T16:11:53","guid":{"rendered":"https:\/\/centralconsulting.africa\/?post_type=product&#038;p=7106"},"modified":"2023-06-20T16:11:53","modified_gmt":"2023-06-20T16:11:53","slug":"cales-a-profil-bas-serie-astr","status":"publish","type":"product","link":"https:\/\/centralconsulting.africa\/index.php\/product\/cales-a-profil-bas-serie-astr\/","title":{"rendered":"CALES \u00c0 PROFIL BAS -S\u00c9RIE ASTR"},"content":{"rendered":"","protected":false},"excerpt":{"rendered":"<p>Les \u00e9l\u00e9ments \u00e0 profil bas offrent une solution \u00e9conomique pour les projets de r\u00e9paration ou les syst\u00e8mes de conception ant\u00e9rieure o\u00f9 des cales frais\u00e9es, des cales ou des r\u00e9sines \u00e9poxy co\u00fbteuses ont \u00e9t\u00e9 appliqu\u00e9es pr\u00e9c\u00e9demment. La configuration \u00e0 profil bas <strong>CC\u00a0Vibracon<\/strong>\u00a0s\u2019adresse aux applications o\u00f9 la hauteur de la cale entre la fondation et le composant a \u00e9t\u00e9 \u00e9tablie par la conception ant\u00e9rieur. La plupart des autres m\u00e9thodes de calage prennent du temps et ne prennent pas en charge les besoins de cycle de vie des op\u00e9rateurs de machines et les activit\u00e9s d\u2019installation selon un calendrier serr\u00e9.<\/p>\n","protected":false},"featured_media":7107,"comment_status":"open","ping_status":"closed","template":"","meta":[],"product_cat":[],"product_tag":[],"_links":{"self":[{"href":"https:\/\/centralconsulting.africa\/index.php\/wp-json\/wp\/v2\/product\/7106"}],"collection":[{"href":"https:\/\/centralconsulting.africa\/index.php\/wp-json\/wp\/v2\/product"}],"about":[{"href":"https:\/\/centralconsulting.africa\/index.php\/wp-json\/wp\/v2\/types\/product"}],"replies":[{"embeddable":true,"href":"https:\/\/centralconsulting.africa\/index.php\/wp-json\/wp\/v2\/comments?post=7106"}],"wp:featuredmedia":[{"embeddable":true,"href":"https:\/\/centralconsulting.africa\/index.php\/wp-json\/wp\/v2\/media\/7107"}],"wp:attachment":[{"href":"https:\/\/centralconsulting.africa\/index.php\/wp-json\/wp\/v2\/media?parent=7106"}],"wp:term":[{"taxonomy":"product_cat","embeddable":true,"href":"https:\/\/centralconsulting.africa\/index.php\/wp-json\/wp\/v2\/product_cat?post=7106"},{"taxonomy":"product_tag","embeddable":true,"href":"https:\/\/centralconsulting.africa\/index.php\/wp-json\/wp\/v2\/product_tag?post=7106"}],"curies":[{"name":"wp","href":"https:\/\/api.w.org\/{rel}","templated":true}]}}