{"id":7104,"date":"2023-06-20T16:08:59","date_gmt":"2023-06-20T16:08:59","guid":{"rendered":"https:\/\/centralconsulting.africa\/?post_type=product&#038;p=7104"},"modified":"2023-06-20T16:09:00","modified_gmt":"2023-06-20T16:09:00","slug":"cales-en-acier-inoxydable-serie-ss","status":"publish","type":"product","link":"https:\/\/centralconsulting.africa\/index.php\/product\/cales-en-acier-inoxydable-serie-ss\/","title":{"rendered":"CALES EN ACIER INOXYDABLE &#8211; S\u00c9RIE SS"},"content":{"rendered":"","protected":false},"excerpt":{"rendered":"<p>Dans des conditions difficiles, o\u00f9 les cales en acier au carbone ne peuvent pas r\u00e9pondre aux exigences, les cales en acier inoxydable seront la solution. Les surfaces de contact sont trait\u00e9es avec des additifs pour \u00e9viter le grippage des pi\u00e8ces lors de la rotation.<\/p>\n","protected":false},"featured_media":7105,"comment_status":"open","ping_status":"closed","template":"","meta":[],"product_cat":[],"product_tag":[],"_links":{"self":[{"href":"https:\/\/centralconsulting.africa\/index.php\/wp-json\/wp\/v2\/product\/7104"}],"collection":[{"href":"https:\/\/centralconsulting.africa\/index.php\/wp-json\/wp\/v2\/product"}],"about":[{"href":"https:\/\/centralconsulting.africa\/index.php\/wp-json\/wp\/v2\/types\/product"}],"replies":[{"embeddable":true,"href":"https:\/\/centralconsulting.africa\/index.php\/wp-json\/wp\/v2\/comments?post=7104"}],"wp:featuredmedia":[{"embeddable":true,"href":"https:\/\/centralconsulting.africa\/index.php\/wp-json\/wp\/v2\/media\/7105"}],"wp:attachment":[{"href":"https:\/\/centralconsulting.africa\/index.php\/wp-json\/wp\/v2\/media?parent=7104"}],"wp:term":[{"taxonomy":"product_cat","embeddable":true,"href":"https:\/\/centralconsulting.africa\/index.php\/wp-json\/wp\/v2\/product_cat?post=7104"},{"taxonomy":"product_tag","embeddable":true,"href":"https:\/\/centralconsulting.africa\/index.php\/wp-json\/wp\/v2\/product_tag?post=7104"}],"curies":[{"name":"wp","href":"https:\/\/api.w.org\/{rel}","templated":true}]}}