{"id":7102,"date":"2023-06-20T16:07:02","date_gmt":"2023-06-20T16:07:02","guid":{"rendered":"https:\/\/centralconsulting.africa\/?post_type=product&#038;p=7102"},"modified":"2023-06-20T16:07:02","modified_gmt":"2023-06-20T16:07:02","slug":"cales-traitees-en-surface-serie-cstr","status":"publish","type":"product","link":"https:\/\/centralconsulting.africa\/index.php\/product\/cales-traitees-en-surface-serie-cstr\/","title":{"rendered":"CALES TRAIT\u00c9ES EN SURFACE &#8211; S\u00c9RIE CSTR"},"content":{"rendered":"","protected":false},"excerpt":{"rendered":"<p>De nombreuses installations o\u00f9 les cales <strong>CC\u00a0Vibracon<\/strong>\u00a0sont appliqu\u00e9es se trouvent dans des climats difficiles, humides et sal\u00e9s, o\u00f9 une protection contre la corrosion est recommand\u00e9e. Pour r\u00e9pondre \u00e0 ce besoin,\u00a0<strong>SKF<\/strong> a test\u00e9 diff\u00e9rentes solutions aboutissant \u00e0 la cale <strong>CC\u00a0Vibracon<\/strong>\u00a0trait\u00e9e en surface. Toutes les pi\u00e8ces sont trait\u00e9es individuellement pour garantir un r\u00e9sultat optimal, une qualit\u00e9 constante et des capacit\u00e9s \u00e9tendues de protection contre la corrosion.<\/p>\n","protected":false},"featured_media":7103,"comment_status":"open","ping_status":"closed","template":"","meta":[],"product_cat":[],"product_tag":[],"_links":{"self":[{"href":"https:\/\/centralconsulting.africa\/index.php\/wp-json\/wp\/v2\/product\/7102"}],"collection":[{"href":"https:\/\/centralconsulting.africa\/index.php\/wp-json\/wp\/v2\/product"}],"about":[{"href":"https:\/\/centralconsulting.africa\/index.php\/wp-json\/wp\/v2\/types\/product"}],"replies":[{"embeddable":true,"href":"https:\/\/centralconsulting.africa\/index.php\/wp-json\/wp\/v2\/comments?post=7102"}],"wp:featuredmedia":[{"embeddable":true,"href":"https:\/\/centralconsulting.africa\/index.php\/wp-json\/wp\/v2\/media\/7103"}],"wp:attachment":[{"href":"https:\/\/centralconsulting.africa\/index.php\/wp-json\/wp\/v2\/media?parent=7102"}],"wp:term":[{"taxonomy":"product_cat","embeddable":true,"href":"https:\/\/centralconsulting.africa\/index.php\/wp-json\/wp\/v2\/product_cat?post=7102"},{"taxonomy":"product_tag","embeddable":true,"href":"https:\/\/centralconsulting.africa\/index.php\/wp-json\/wp\/v2\/product_tag?post=7102"}],"curies":[{"name":"wp","href":"https:\/\/api.w.org\/{rel}","templated":true}]}}