{"id":7099,"date":"2023-06-20T16:04:00","date_gmt":"2023-06-20T16:04:00","guid":{"rendered":"https:\/\/centralconsulting.africa\/?post_type=product&#038;p=7099"},"modified":"2023-06-20T16:04:00","modified_gmt":"2023-06-20T16:04:00","slug":"cales-en-acier-carbone-serie-cs","status":"publish","type":"product","link":"https:\/\/centralconsulting.africa\/index.php\/product\/cales-en-acier-carbone-serie-cs\/","title":{"rendered":"CALES EN ACIER CARBONE &#8211; S\u00c9RIE CS"},"content":{"rendered":"","protected":false},"excerpt":{"rendered":"<p>La cale r\u00e9glable <strong>CC\u00a0Vibracon<\/strong>\u00a0a de nombreuses configurations et options de mat\u00e9riaux pour r\u00e9pondre aux pr\u00e9occupations techniques, les mod\u00e8les en acier carbone \u00e9tant adapt\u00e9s \u00e0 une utilisation en int\u00e9rieur. Des additifs sont ajout\u00e9s aux surfaces de contact pour une protection initiale avant et pendant l\u2019installation et \u00e9vitent le grippage des pi\u00e8ces lors de la rotation. Les produits offrent une solution \u00e9conomique pour des applications moins exigeantes pour l\u2019environnement, tout en garantissant un calage fiable \u00e0 vie.<\/p>\n","protected":false},"featured_media":7101,"comment_status":"open","ping_status":"closed","template":"","meta":[],"product_cat":[],"product_tag":[],"_links":{"self":[{"href":"https:\/\/centralconsulting.africa\/index.php\/wp-json\/wp\/v2\/product\/7099"}],"collection":[{"href":"https:\/\/centralconsulting.africa\/index.php\/wp-json\/wp\/v2\/product"}],"about":[{"href":"https:\/\/centralconsulting.africa\/index.php\/wp-json\/wp\/v2\/types\/product"}],"replies":[{"embeddable":true,"href":"https:\/\/centralconsulting.africa\/index.php\/wp-json\/wp\/v2\/comments?post=7099"}],"wp:featuredmedia":[{"embeddable":true,"href":"https:\/\/centralconsulting.africa\/index.php\/wp-json\/wp\/v2\/media\/7101"}],"wp:attachment":[{"href":"https:\/\/centralconsulting.africa\/index.php\/wp-json\/wp\/v2\/media?parent=7099"}],"wp:term":[{"taxonomy":"product_cat","embeddable":true,"href":"https:\/\/centralconsulting.africa\/index.php\/wp-json\/wp\/v2\/product_cat?post=7099"},{"taxonomy":"product_tag","embeddable":true,"href":"https:\/\/centralconsulting.africa\/index.php\/wp-json\/wp\/v2\/product_tag?post=7099"}],"curies":[{"name":"wp","href":"https:\/\/api.w.org\/{rel}","templated":true}]}}