{"id":7098,"date":"2023-06-20T16:00:25","date_gmt":"2023-06-20T16:00:25","guid":{"rendered":"https:\/\/centralconsulting.africa\/?post_type=product&#038;p=7098"},"modified":"2023-06-20T16:00:25","modified_gmt":"2023-06-20T16:00:25","slug":"calage-de-machines-tournantes-ou-alignement-critique","status":"publish","type":"product","link":"https:\/\/centralconsulting.africa\/index.php\/product\/calage-de-machines-tournantes-ou-alignement-critique\/","title":{"rendered":"CALAGE DE MACHINES TOURNANTES OU ALIGNEMENT CRITIQUE"},"content":{"rendered":"<ul>\n<li>Gain de temps d\u2019installation<\/li>\n<li>R\u00e9ajustable \/ r\u00e9utilisable<\/li>\n<li>Adapte les \u00e9carts angulaires<\/li>\n<li>Nivellement automatique<\/li>\n<li>\u00c9limine le \u00abpied mou\u00bb<\/li>\n<li>Base install\u00e9e de plus de 1 300 000 pi\u00e8ces<\/li>\n<li>Gamme standard disponible sur stock<\/li>\n<li>Solutions d\u2019ing\u00e9nierie personnalis\u00e9es<\/li>\n<\/ul>\n","protected":false},"excerpt":{"rendered":"<table class=\"paragraphetexte\" border=\"0\" width=\"100%\" cellspacing=\"0\" cellpadding=\"0\">\n<tbody>\n<tr>\n<td width=\"100%\">\n<div class=\"B10_paragraphe_0\">\n<p>Les \u00e9l\u00e9ments <strong>CC\u00a0Vibracon<\/strong>\u00a0sont des cales de montage robustes, permanentes et r\u00e9utilisables pour tous les types de machines tournantes ou \u00e0 alignement critique. Les supports\u00a0<strong>SKF Vibracon<\/strong>\u00a0sont des \u00e9l\u00e9ments m\u00e9caniquement rigides qui permettent un montage pr\u00e9cis, de mani\u00e8re simple et rapide. L\u2019application\u00a0<strong>SKF Vibracon<\/strong>\u00a0permet d\u2019effectuer des calculs simples pour s\u00e9lectionner le type de cale correct pour votre application.<\/p>\n<h3>SKF Vibracon \u2013 La cale universelle r\u00e9utilisable r\u00e9glable<\/h3>\n<p><strong>SKF Vibracon<\/strong>\u00a0est une cale de montage de machine qui est facilement et pr\u00e9cis\u00e9ment ajust\u00e9e. La cale accepte la diff\u00e9rence angulaire, jusqu\u2019\u00e0 4 \u00b0, entre la machine et la base de montage sans usinage co\u00fbteux de la base ou de travail suppl\u00e9mentaire d\u2019installation de cales en r\u00e9sine \u00e9poxy. La capacit\u00e9 de mise \u00e0 niveau automatique, combin\u00e9e \u00e0 la fonction de r\u00e9glage de la hauteur, \u00e9limine la possibilit\u00e9 d\u2019un support faible dans la cha\u00eene de production tout au long du cycle de vie de la machine<\/p>\n<\/div>\n<\/td>\n<\/tr>\n<\/tbody>\n<\/table>\n","protected":false},"featured_media":0,"comment_status":"open","ping_status":"closed","template":"","meta":[],"product_cat":[],"product_tag":[],"_links":{"self":[{"href":"https:\/\/centralconsulting.africa\/index.php\/wp-json\/wp\/v2\/product\/7098"}],"collection":[{"href":"https:\/\/centralconsulting.africa\/index.php\/wp-json\/wp\/v2\/product"}],"about":[{"href":"https:\/\/centralconsulting.africa\/index.php\/wp-json\/wp\/v2\/types\/product"}],"replies":[{"embeddable":true,"href":"https:\/\/centralconsulting.africa\/index.php\/wp-json\/wp\/v2\/comments?post=7098"}],"wp:attachment":[{"href":"https:\/\/centralconsulting.africa\/index.php\/wp-json\/wp\/v2\/media?parent=7098"}],"wp:term":[{"taxonomy":"product_cat","embeddable":true,"href":"https:\/\/centralconsulting.africa\/index.php\/wp-json\/wp\/v2\/product_cat?post=7098"},{"taxonomy":"product_tag","embeddable":true,"href":"https:\/\/centralconsulting.africa\/index.php\/wp-json\/wp\/v2\/product_tag?post=7098"}],"curies":[{"name":"wp","href":"https:\/\/api.w.org\/{rel}","templated":true}]}}