{"id":7089,"date":"2023-06-20T15:34:51","date_gmt":"2023-06-20T15:34:51","guid":{"rendered":"https:\/\/centralconsulting.africa\/?post_type=product&#038;p=7089"},"modified":"2023-06-20T15:36:51","modified_gmt":"2023-06-20T15:36:51","slug":"stabilisateur-a-aileron-retractable-type-z","status":"publish","type":"product","link":"https:\/\/centralconsulting.africa\/index.php\/product\/stabilisateur-a-aileron-retractable-type-z\/","title":{"rendered":"STABILISATEUR \u00c0 AILERON R\u00c9TRACTABLE TYPE Z"},"content":{"rendered":"<ul>\n<li>Nouveau profil d\u2019aileron: aileron monobloc sp\u00e9cialement con\u00e7u pour une stabilisation optimale.<\/li>\n<li>Ailerons r\u00e9tractables: Les ailerons stabilisateurs sont stock\u00e9s lorsqu\u2019ils ne sont pas utilis\u00e9s.<\/li>\n<li>Large gamme d\u2019ailerons disponibles en fonction de la taille et des exigences de performance du navire.<\/li>\n<li>Actionneurs \u00e0 tiroirs rotatifs : Le moteur \u00e0 tiroirs rotatifs a \u00e9t\u00e9 modifi\u00e9 pour fonctionner avec un angle de \u00b1 60 \u00b0, ce qui garantit une r\u00e9duction de roulis fiable et correcte dans toutes les conditions.<\/li>\n<li>Syst\u00e8me hydraulique support\u00e9 par accumulateur: a une r\u00e9ponse tr\u00e8s rapide permettant des performances de stabilisation \u00e9lev\u00e9es dans toutes les conditions.<\/li>\n<li>Les stabilisateurs \u00e0 ailerons sont actionn\u00e9s par Simplex seals Adaptive Control, qui est un syst\u00e8me de contr\u00f4le automatique tr\u00e8s fiable pour un fonctionnement et une surveillance faciles ainsi qu\u2019une installation simple.<\/li>\n<li>Des tableaux de commande tactiles sont install\u00e9s sur le pont et dans l\u2019ECR pour simplifier le contr\u00f4le et la supervision des stabilisateurs d\u2019ailettes.<\/li>\n<\/ul>\n","protected":false},"excerpt":{"rendered":"<div class=\"container center-block backff\">\n<div class=\"center-block container-lg NetplB10blocParagImgCol6\">\n<div class=\"row\">\n<div class=\"col-12 col-xs-12 col-md-6 NetplB10blocParagImgCol6TextBloc\">\n<div>\n<div class=\"texte\">\n<p>Le stabilisateur \u00e0 aileron <strong>CC\u00a0type Z<\/strong>\u00a0a \u00e9t\u00e9 sp\u00e9cialement con\u00e7u et d\u00e9velopp\u00e9 pour les yachts \u00e0 moteur et les bateaux de croisi\u00e8re avec des sp\u00e9cifications exigeantes pour la stabilisation \u00e0 vitesse nulle et en marche.<\/p>\n<p>Le nouveau stabilisateur \u00e0 aileron utilise une exp\u00e9rience de longue date et des composants \u00e9prouv\u00e9s par le stabilisateur de type S, ainsi qu\u2019un nouveau profil d\u2019aileron, un actionneur et un syst\u00e8me de contr\u00f4le modifi\u00e9s. Des analyses num\u00e9riques et des tests en bassin de car\u00e8ne ont \u00e9t\u00e9 effectu\u00e9s pour v\u00e9rifier la forme optimale des ailerons, l\u2019angle de travail et les performances de stabilisation.<\/p>\n<\/div>\n<\/div>\n<\/div>\n<\/div>\n<\/div>\n<\/div>\n<div class=\"container-fluid center-block backff\">\n<div class=\"center-block container-lg NetplB10blocParagraphe\">\n<div class=\"row\">\n<div class=\"col-xs-12\">\n<table class=\"paragraphetexte\" border=\"0\" width=\"100%\" cellspacing=\"0\" cellpadding=\"0\">\n<tbody>\n<tr>\n<td width=\"100%\">\n<div class=\"B10_paragraphe_0\">\n<p>&nbsp;<\/p>\n<\/div>\n<\/td>\n<\/tr>\n<\/tbody>\n<\/table>\n<\/div>\n<\/div>\n<\/div>\n<\/div>\n","protected":false},"featured_media":7090,"comment_status":"open","ping_status":"closed","template":"","meta":[],"product_cat":[],"product_tag":[],"_links":{"self":[{"href":"https:\/\/centralconsulting.africa\/index.php\/wp-json\/wp\/v2\/product\/7089"}],"collection":[{"href":"https:\/\/centralconsulting.africa\/index.php\/wp-json\/wp\/v2\/product"}],"about":[{"href":"https:\/\/centralconsulting.africa\/index.php\/wp-json\/wp\/v2\/types\/product"}],"replies":[{"embeddable":true,"href":"https:\/\/centralconsulting.africa\/index.php\/wp-json\/wp\/v2\/comments?post=7089"}],"wp:featuredmedia":[{"embeddable":true,"href":"https:\/\/centralconsulting.africa\/index.php\/wp-json\/wp\/v2\/media\/7090"}],"wp:attachment":[{"href":"https:\/\/centralconsulting.africa\/index.php\/wp-json\/wp\/v2\/media?parent=7089"}],"wp:term":[{"taxonomy":"product_cat","embeddable":true,"href":"https:\/\/centralconsulting.africa\/index.php\/wp-json\/wp\/v2\/product_cat?post=7089"},{"taxonomy":"product_tag","embeddable":true,"href":"https:\/\/centralconsulting.africa\/index.php\/wp-json\/wp\/v2\/product_tag?post=7089"}],"curies":[{"name":"wp","href":"https:\/\/api.w.org\/{rel}","templated":true}]}}