{"id":7087,"date":"2023-06-20T15:31:48","date_gmt":"2023-06-20T15:31:48","guid":{"rendered":"https:\/\/centralconsulting.africa\/?post_type=product&#038;p=7087"},"modified":"2023-06-20T15:31:48","modified_gmt":"2023-06-20T15:31:48","slug":"stabilisateur-a-aileron-non-retractable-type-f","status":"publish","type":"product","link":"https:\/\/centralconsulting.africa\/index.php\/product\/stabilisateur-a-aileron-non-retractable-type-f\/","title":{"rendered":"STABILISATEUR \u00c0 AILERON NON R\u00c9TRACTABLE TYPE F"},"content":{"rendered":"<ul>\n<li>Conception compacte et \u00e9prouv\u00e9e.<\/li>\n<li>\u00c9quip\u00e9 des ailettes d\u2019extr\u00e9mit\u00e9 anti-vortex.<\/li>\n<li>Syst\u00e8me d\u2019alimentation hydraulique Ecodyn pour une r\u00e9ponse hautement dynamique sans pics de demande.<\/li>\n<li>Coffre \u00e0 aileron \u00e9quip\u00e9 d\u2019un \u00e9videment pour minimiser la r\u00e9sistance \u00e0 l\u2019\u00e9coulement.<\/li>\n<li>L\u2019unit\u00e9 est livr\u00e9e pr\u00eate \u00e0 fonctionner.<\/li>\n<li>Manipulation facile avec des \u00e9l\u00e9ments de commande intuitifs.<\/li>\n<li>Capteurs r\u00e9sistants \u00e0 l\u2019usure pour enregistrer les mouvements du navire.<\/li>\n<li>Avantages suppl\u00e9mentaires pour une utilisation sur des navires navals : Syst\u00e8me de contr\u00f4le enti\u00e8rement redondant, syst\u00e8me de verrouillage automatique, conception r\u00e9sistante aux chocs.<\/li>\n<\/ul>\n","protected":false},"excerpt":{"rendered":"<p>Les stabilisateurs \u00e0 aileron non r\u00e9tractables<strong> CC<\/strong> repr\u00e9sentent la solution optimale pour une large gamme de navires, tels que les corvettes, les fr\u00e9gates et les OPV, ainsi que pour les m\u00e9ga yachts.<\/p>\n","protected":false},"featured_media":7088,"comment_status":"open","ping_status":"closed","template":"","meta":[],"product_cat":[],"product_tag":[],"_links":{"self":[{"href":"https:\/\/centralconsulting.africa\/index.php\/wp-json\/wp\/v2\/product\/7087"}],"collection":[{"href":"https:\/\/centralconsulting.africa\/index.php\/wp-json\/wp\/v2\/product"}],"about":[{"href":"https:\/\/centralconsulting.africa\/index.php\/wp-json\/wp\/v2\/types\/product"}],"replies":[{"embeddable":true,"href":"https:\/\/centralconsulting.africa\/index.php\/wp-json\/wp\/v2\/comments?post=7087"}],"wp:featuredmedia":[{"embeddable":true,"href":"https:\/\/centralconsulting.africa\/index.php\/wp-json\/wp\/v2\/media\/7088"}],"wp:attachment":[{"href":"https:\/\/centralconsulting.africa\/index.php\/wp-json\/wp\/v2\/media?parent=7087"}],"wp:term":[{"taxonomy":"product_cat","embeddable":true,"href":"https:\/\/centralconsulting.africa\/index.php\/wp-json\/wp\/v2\/product_cat?post=7087"},{"taxonomy":"product_tag","embeddable":true,"href":"https:\/\/centralconsulting.africa\/index.php\/wp-json\/wp\/v2\/product_tag?post=7087"}],"curies":[{"name":"wp","href":"https:\/\/api.w.org\/{rel}","templated":true}]}}