{"id":7085,"date":"2023-06-20T15:26:25","date_gmt":"2023-06-20T15:26:25","guid":{"rendered":"https:\/\/centralconsulting.africa\/?post_type=product&#038;p=7085"},"modified":"2023-06-20T15:26:25","modified_gmt":"2023-06-20T15:26:25","slug":"stabilisateur-retractable-types","status":"publish","type":"product","link":"https:\/\/centralconsulting.africa\/index.php\/product\/stabilisateur-retractable-types\/","title":{"rendered":"STABILISATEUR R\u00c9TRACTABLE TYPES"},"content":{"rendered":"<ul>\n<li>Conception compacte et \u00e9prouv\u00e9e.<\/li>\n<li>\u00c9quip\u00e9 des ailettes d\u2019extr\u00e9mit\u00e9 anti-vortex.<\/li>\n<li>Syst\u00e8me d\u2019alimentation hydraulique.<\/li>\n<li>Ecodyn pour une r\u00e9ponse hautement dynamique sans pics de demande.<\/li>\n<li>Bo\u00eete \u00e0 aileron \u00e9quip\u00e9e d\u2019un \u00e9videment pour minimiser la r\u00e9sistance \u00e0 l\u2019\u00e9coulement.<\/li>\n<li>L\u2019unit\u00e9 est livr\u00e9e pr\u00eate \u00e0 fonctionner.<\/li>\n<li>\u00c9quip\u00e9 d\u2019actionneurs rotatifs \u00e0 tiroirs pour un fonctionnement puissant et fiable.<\/li>\n<li>Manipulation facile avec des \u00e9l\u00e9ments de commande intuitifs.<\/li>\n<li>Capteurs r\u00e9sistants \u00e0 l\u2019usure pour enregistrer les mouvements du navire<\/li>\n<\/ul>\n","protected":false},"excerpt":{"rendered":"<p>Les stabilisateurs \u00e0 ailerons r\u00e9tractables <strong>CC<\/strong> offrent une excellente solution pour de nombreux types de navires de passagers, tels que les ferries, les navires de croisi\u00e8re et les yachts.<\/p>\n<p>Pour les navires avec une vitesse de service faible \u00e0 moyenne et une demande de performances de r\u00e9duction de roulis \u00e9lev\u00e9es,\u00a0<strong>SKF<\/strong>\u00a0a d\u00e9velopp\u00e9 un volet d\u2019extr\u00e9mit\u00e9 sp\u00e9cial qui augmente l\u2019efficacit\u00e9 de r\u00e9duction de roulis jusqu\u2019\u00e0 15% par rapport aux stabilisateurs \u00e0 ailerons conventionnels en deux parties. Cet aileron ultra haute portance est prot\u00e9g\u00e9 par un brevet international.<\/p>\n","protected":false},"featured_media":7086,"comment_status":"open","ping_status":"closed","template":"","meta":[],"product_cat":[],"product_tag":[],"_links":{"self":[{"href":"https:\/\/centralconsulting.africa\/index.php\/wp-json\/wp\/v2\/product\/7085"}],"collection":[{"href":"https:\/\/centralconsulting.africa\/index.php\/wp-json\/wp\/v2\/product"}],"about":[{"href":"https:\/\/centralconsulting.africa\/index.php\/wp-json\/wp\/v2\/types\/product"}],"replies":[{"embeddable":true,"href":"https:\/\/centralconsulting.africa\/index.php\/wp-json\/wp\/v2\/comments?post=7085"}],"wp:featuredmedia":[{"embeddable":true,"href":"https:\/\/centralconsulting.africa\/index.php\/wp-json\/wp\/v2\/media\/7086"}],"wp:attachment":[{"href":"https:\/\/centralconsulting.africa\/index.php\/wp-json\/wp\/v2\/media?parent=7085"}],"wp:term":[{"taxonomy":"product_cat","embeddable":true,"href":"https:\/\/centralconsulting.africa\/index.php\/wp-json\/wp\/v2\/product_cat?post=7085"},{"taxonomy":"product_tag","embeddable":true,"href":"https:\/\/centralconsulting.africa\/index.php\/wp-json\/wp\/v2\/product_tag?post=7085"}],"curies":[{"name":"wp","href":"https:\/\/api.w.org\/{rel}","templated":true}]}}