{"id":7080,"date":"2023-06-20T15:03:10","date_gmt":"2023-06-20T15:03:10","guid":{"rendered":"https:\/\/centralconsulting.africa\/?post_type=product&#038;p=7080"},"modified":"2023-06-20T15:03:10","modified_gmt":"2023-06-20T15:03:10","slug":"separateurs-deau-huileuse-turbulo","status":"publish","type":"product","link":"https:\/\/centralconsulting.africa\/index.php\/product\/separateurs-deau-huileuse-turbulo\/","title":{"rendered":"S\u00c9PARATEURS D\u2019EAU HUILEUSE TURBULO"},"content":{"rendered":"<p>Teneur en huile r\u00e9siduelle dans l\u2019eau de sortie bien inf\u00e9rieure \u00e0 15 ppm (r\u00e9sultats des tests pr\u00e8s de 1 ppm)<br \/>\nDimensions compactes et faible espace requis<br \/>\nInstallation simple et Entretien facile<br \/>\nFonctionnement enti\u00e8rement automatique<br \/>\nPossibilit\u00e9 d\u2019installation s\u00e9par\u00e9e de la pompe et du deuxi\u00e8me \u00e9tage<br \/>\nParce que l\u2019analyse de l\u2019eau de cale est tr\u00e8s complexe de par sa nature, le laboratoire interne de SKF Marine est bien \u00e9quip\u00e9 pour analyser et d\u00e9terminer, entre autres, la teneur en huile selon ISO 9377-2, la taille des particules de l\u2019indice d\u2019hydrocarbure et la tension interfaciale.<\/p>\n","protected":false},"excerpt":{"rendered":"<p>Plus que jamais, la fiabilit\u00e9 des s\u00e9parateurs d\u2019eau huileuse est au centre de l\u2019int\u00e9r\u00eat public. SKF Marine a des d\u00e9cennies d\u2019exp\u00e9rience dans la production de s\u00e9parateurs d\u2019eau huileuse et le savoir-faire complet pour leur fonctionnement et leur maintenance \u00e0 bord ont conduit au d\u00e9veloppement des appareils \u00e0 disjonction de phase m\u00e9canique Turbulo (TMPB). Il b\u00e9n\u00e9ficie de 80 ans d\u2019exp\u00e9rience avec le s\u00e9parateur d\u2019eau huileuse Turbulo traditionnel et, bien s\u00fbr, r\u00e9pond aux exigences de la r\u00e9solution MEPC.107 (49) de l\u2019OMI.<\/p>\n","protected":false},"featured_media":7084,"comment_status":"open","ping_status":"closed","template":"","meta":[],"product_cat":[],"product_tag":[],"_links":{"self":[{"href":"https:\/\/centralconsulting.africa\/index.php\/wp-json\/wp\/v2\/product\/7080"}],"collection":[{"href":"https:\/\/centralconsulting.africa\/index.php\/wp-json\/wp\/v2\/product"}],"about":[{"href":"https:\/\/centralconsulting.africa\/index.php\/wp-json\/wp\/v2\/types\/product"}],"replies":[{"embeddable":true,"href":"https:\/\/centralconsulting.africa\/index.php\/wp-json\/wp\/v2\/comments?post=7080"}],"wp:featuredmedia":[{"embeddable":true,"href":"https:\/\/centralconsulting.africa\/index.php\/wp-json\/wp\/v2\/media\/7084"}],"wp:attachment":[{"href":"https:\/\/centralconsulting.africa\/index.php\/wp-json\/wp\/v2\/media?parent=7080"}],"wp:term":[{"taxonomy":"product_cat","embeddable":true,"href":"https:\/\/centralconsulting.africa\/index.php\/wp-json\/wp\/v2\/product_cat?post=7080"},{"taxonomy":"product_tag","embeddable":true,"href":"https:\/\/centralconsulting.africa\/index.php\/wp-json\/wp\/v2\/product_tag?post=7080"}],"curies":[{"name":"wp","href":"https:\/\/api.w.org\/{rel}","templated":true}]}}