{"id":7078,"date":"2023-06-20T14:19:02","date_gmt":"2023-06-20T14:19:02","guid":{"rendered":"https:\/\/centralconsulting.africa\/?post_type=product&#038;p=7078"},"modified":"2023-06-20T14:19:02","modified_gmt":"2023-06-20T14:19:02","slug":"turbulo-solidmaster","status":"publish","type":"product","link":"https:\/\/centralconsulting.africa\/index.php\/product\/turbulo-solidmaster\/","title":{"rendered":"TURBULO SOLIDMASTER"},"content":{"rendered":"<div class=\"row row-centered\">\n<div class=\"col-xs-12\">\n<h2 class=\"paragraphetitre\">AVANTAGES<\/h2>\n<\/div>\n<\/div>\n<div class=\"row\">\n<div class=\"col-xs-12\">\n<table class=\"paragraphetexte\" border=\"0\" width=\"100%\" cellspacing=\"0\" cellpadding=\"0\">\n<tbody>\n<tr>\n<td width=\"100%\">\n<div class=\"B10_paragraphe_0\">\n<ul>\n<li>L\u2019eau huileuse trait\u00e9e est presque exempte de mati\u00e8re solide<\/li>\n<li>Turbulo SolidMaster peut \u00eatre utilis\u00e9 comme r\u00e9servoir tampon<\/li>\n<li>Maintenance et manipulation conviviales: \u00e9change facile des sacs filtrants<\/li>\n<li>Composants fiables et processus de production certifi\u00e9 DIN ISO 9001 chez SKF Marine<\/li>\n<li>Unit\u00e9 finale fabriqu\u00e9e et test\u00e9e, livr\u00e9e pr\u00eate \u00e0 l\u2019emploi<\/li>\n<li>Solutions de r\u00e9novation disponibles<\/li>\n<\/ul>\n<\/div>\n<\/td>\n<\/tr>\n<\/tbody>\n<\/table>\n<\/div>\n<\/div>\n","protected":false},"excerpt":{"rendered":"<p>Le Turbulo SolidMaster est un syst\u00e8me de filtration tr\u00e8s efficace qui pr\u00e9c\u00e8de un s\u00e9parateur d\u2019eau huileuse (OWS) et \u00e9limine m\u00e9caniquement les solides en suspension dans l\u2019eau de cale. Apr\u00e8s l\u2019installation de la bou\u00e9e Turbulo Sludge Buoy, le Turbulo SolidMaster sert de syst\u00e8me de filtration qui pr\u00e9c\u00e8de le s\u00e9parateur d\u2019eau huileuse (OWS) et \u00e9limine m\u00e9caniquement les solides en suspension dans l\u2019eau de cale. Cette op\u00e9ration avant de faire passer l\u2019eau de cale dans le s\u00e9parateur permet d\u2019\u00e9viter la formation de suspensions et prolonge ainsi la dur\u00e9e de vie des \u00e9l\u00e9ments de s\u00e9paration \u2013 plus chers \u2013 du syst\u00e8me OWS. Le Turbulo SolidMaster fonctionne mieux lorsqu\u2019il est combin\u00e9 avec le Turbulo SludgeBuoy.<\/p>\n","protected":false},"featured_media":7079,"comment_status":"open","ping_status":"closed","template":"","meta":[],"product_cat":[],"product_tag":[],"_links":{"self":[{"href":"https:\/\/centralconsulting.africa\/index.php\/wp-json\/wp\/v2\/product\/7078"}],"collection":[{"href":"https:\/\/centralconsulting.africa\/index.php\/wp-json\/wp\/v2\/product"}],"about":[{"href":"https:\/\/centralconsulting.africa\/index.php\/wp-json\/wp\/v2\/types\/product"}],"replies":[{"embeddable":true,"href":"https:\/\/centralconsulting.africa\/index.php\/wp-json\/wp\/v2\/comments?post=7078"}],"wp:featuredmedia":[{"embeddable":true,"href":"https:\/\/centralconsulting.africa\/index.php\/wp-json\/wp\/v2\/media\/7079"}],"wp:attachment":[{"href":"https:\/\/centralconsulting.africa\/index.php\/wp-json\/wp\/v2\/media?parent=7078"}],"wp:term":[{"taxonomy":"product_cat","embeddable":true,"href":"https:\/\/centralconsulting.africa\/index.php\/wp-json\/wp\/v2\/product_cat?post=7078"},{"taxonomy":"product_tag","embeddable":true,"href":"https:\/\/centralconsulting.africa\/index.php\/wp-json\/wp\/v2\/product_tag?post=7078"}],"curies":[{"name":"wp","href":"https:\/\/api.w.org\/{rel}","templated":true}]}}