{"id":7066,"date":"2023-06-20T02:04:44","date_gmt":"2023-06-20T02:04:44","guid":{"rendered":"https:\/\/centralconsulting.africa\/?post_type=product&#038;p=7066"},"modified":"2023-06-20T02:09:39","modified_gmt":"2023-06-20T02:09:39","slug":"turbulo-bouees-a-boues","status":"publish","type":"product","link":"https:\/\/centralconsulting.africa\/index.php\/product\/turbulo-bouees-a-boues\/","title":{"rendered":"TURBULO BOU\u00c9ES \u00c0 BOUES"},"content":{"rendered":"<div class=\"row row-centered\">\n<div class=\"col-xs-12\">\n<h2 class=\"paragraphetitre\">CARACT\u00c9RISTIQUES<\/h2>\n<\/div>\n<\/div>\n<div class=\"row\">\n<div class=\"col-xs-12\">\n<table class=\"paragraphetexte\" border=\"0\" width=\"100%\" cellspacing=\"0\" cellpadding=\"0\">\n<tbody>\n<tr>\n<td width=\"100%\">\n<div class=\"B10_paragraphe_0\">\n<p>L\u2019appareil contribue \u00e0 am\u00e9liorer les processus en aval \u00e0 bord de tous types de navires.<\/p>\n<ul>\n<li>S\u00e9paration jusqu\u2019\u00e0 6 m\u00b3 \/ h d\u2019huile pure<\/li>\n<li>Fonction ind\u00e9pendante de l\u2019inclinaison du navire<\/li>\n<li>Fonctionne \u00e9galement \u00e0 une temp\u00e9rature ambiante \u00e9lev\u00e9e<\/li>\n<li>Fiable, n\u00e9cessitant peu d\u2019entretien 100% r\u00e9sistant \u00e0 l\u2019huile<\/li>\n<li>Pas de consommables<\/li>\n<li>Aucune consommation d\u2019\u00e9nergie Investissement unique, aucune pi\u00e8ce de rechange n\u00e9cessaire<\/li>\n<li>Avantages:<\/li>\n<li>Facile \u00e0 installer par l\u2019\u00e9quipage du navire lorsque le r\u00e9servoir est ouvert pour inspection<\/li>\n<li>Temps de r\u00e9cup\u00e9ration court<\/li>\n<li>Aucun certificat requis<\/li>\n<li>Prend en charge le respect des normes IS0 14001<\/li>\n<\/ul>\n<\/div>\n<\/td>\n<\/tr>\n<\/tbody>\n<\/table>\n<\/div>\n<\/div>\n","protected":false},"excerpt":{"rendered":"<p>Les boues d\u2019huile est un terme couramment utilis\u00e9 pour d\u00e9crire les huiles usag\u00e9es principalement d\u00e9riv\u00e9es du processus de purification des mazouts et des huiles lubrifiantes qui contribuent au bon fonctionnement des machines du navire. Dans la pratique, l\u2019eau s\u00e9par\u00e9e du proc\u00e9d\u00e9 de purification se m\u00e9lange \u00e0 l\u2019huile us\u00e9e dans le r\u00e9servoir \u00e0 boues. Le syst\u00e8me de bou\u00e9e \u00e0 boues est con\u00e7u pour s\u00e9parer ce m\u00e9lange d\u2019eau et d\u2019huile us\u00e9e en utilisant la s\u00e9paration par gravit\u00e9 continue de l\u2019huile libre dans les r\u00e9servoirs. La bou\u00e9e \u00e0 boues se compose d\u2019un disque de s\u00e9paration flottant guid\u00e9 par tige avec une bou\u00e9e int\u00e9gr\u00e9e en une seule unit\u00e9.<\/p>\n","protected":false},"featured_media":7067,"comment_status":"open","ping_status":"closed","template":"","meta":[],"product_cat":[],"product_tag":[],"_links":{"self":[{"href":"https:\/\/centralconsulting.africa\/index.php\/wp-json\/wp\/v2\/product\/7066"}],"collection":[{"href":"https:\/\/centralconsulting.africa\/index.php\/wp-json\/wp\/v2\/product"}],"about":[{"href":"https:\/\/centralconsulting.africa\/index.php\/wp-json\/wp\/v2\/types\/product"}],"replies":[{"embeddable":true,"href":"https:\/\/centralconsulting.africa\/index.php\/wp-json\/wp\/v2\/comments?post=7066"}],"wp:featuredmedia":[{"embeddable":true,"href":"https:\/\/centralconsulting.africa\/index.php\/wp-json\/wp\/v2\/media\/7067"}],"wp:attachment":[{"href":"https:\/\/centralconsulting.africa\/index.php\/wp-json\/wp\/v2\/media?parent=7066"}],"wp:term":[{"taxonomy":"product_cat","embeddable":true,"href":"https:\/\/centralconsulting.africa\/index.php\/wp-json\/wp\/v2\/product_cat?post=7066"},{"taxonomy":"product_tag","embeddable":true,"href":"https:\/\/centralconsulting.africa\/index.php\/wp-json\/wp\/v2\/product_tag?post=7066"}],"curies":[{"name":"wp","href":"https:\/\/api.w.org\/{rel}","templated":true}]}}